{"id":26621,"date":"2024-01-12T11:40:01","date_gmt":"2024-01-12T11:40:01","guid":{"rendered":"https:\/\/trans-sabater.com\/?page_id=26621"},"modified":"2024-02-08T15:35:39","modified_gmt":"2024-02-08T15:35:39","slug":"politica-de-privacidad","status":"publish","type":"page","link":"https:\/\/trans-sabater.com\/en\/politica-de-privacidad\/","title":{"rendered":"Pol\u00edtica de privacidad"},"content":{"rendered":"<div class=\"wpb-content-wrapper\"><div id=\"vc_row-69e1ef7e2e8cb\" class=\"vc_row wpb_row vc_row-fluid thegem-custom-69e1ef7e2e8a01267\"><style>@media screen and (max-width: 767px) {.thegem-custom-69e1ef7e2e8a01267.wpb_row {display: none;}}<\/style><div class=\"wpb_column vc_column_container vc_col-sm-12 thegem-custom-69e1ef7e2ebf55226\" ><div class=\"vc_column-inner thegem-custom-inner-69e1ef7e2ebf6\"><div class=\"wpb_wrapper thegem-custom-69e1ef7e2ebf55226\"><div class=\"vc_empty_space\"   style=\"height: 52px\"><span class=\"vc_empty_space_inner\"><\/span><\/div><\/div><\/div><\/div><\/div><div id=\"vc_row-69e1ef7e2f2a5\" class=\"vc_row wpb_row vc_row-fluid thegem-custom-69e1ef7e2f29e1203\"><div class=\"wpb_column vc_column_container vc_col-sm-2 thegem-custom-69e1ef7e2f5d92998\" ><div class=\"vc_column-inner thegem-custom-inner-69e1ef7e2f5da\"><div class=\"wpb_wrapper thegem-custom-69e1ef7e2f5d92998\"><\/div><\/div><\/div><div class=\"wpb_column vc_column_container vc_col-sm-8 thegem-custom-69e1ef7e2f7e46793\" ><div class=\"vc_column-inner thegem-custom-inner-69e1ef7e2f7e5\"><div class=\"wpb_wrapper thegem-custom-69e1ef7e2f7e46793\">\r\n\t\r\n\t\t<div class=\"wpb_text_column wpb_content_element  thegem-vc-text thegem-custom-69e1ef7e2fb31476\"  >\r\n\t\t\t<div class=\"wpb_wrapper\">\r\n\t\t\t\t<h1>Pol\u00edtica de privacidad<\/h1>\n<table width=\"100%\">\n<tbody>\n<tr>\n<td><strong>Pol\u00edtica de Privacidad<\/strong><\/p>\n<p>TRANS. SABATER, S.L. est\u00e1 especialmente sensibilizada en la protecci\u00f3n de datos de car\u00e1cter personal de los Usuarios de los servicios del sitio Web. Mediante la presente Pol\u00edtica de Privacidad (en adelante, la Pol\u00edtica) TRANS. SABATER, S.L., informa a los USUARIOS de este sitio web, de los usos a los que se someten los datos de car\u00e1cter personal que se recaban en sitio Web, con el fin de que decidan, libre y voluntariamente, si desean facilitar la informaci\u00f3n solicitada.<\/p>\n<p>TRANS. SABATER, S.L. se reserva la facultad de modificar esta Pol\u00edtica con el objeto de adaptarla a novedades legislativas, criterios jurisprudenciales, pr\u00e1cticas del sector, o intereses de la entidad. Cualquier modificaci\u00f3n en la misma ser\u00e1 anunciada con la debida antelaci\u00f3n, a fin de que tenga perfecto conocimiento de su contenido.<\/p>\n<p><strong>RESPONSABLE<\/strong><\/p>\n<p>El Responsable del Tratamiento de los datos de car\u00e1cter personal es:<br \/>\nIdentidad: TRANS. SABATER, S.L. con NIF: B46351300, en adelante ENTIDAD<br \/>\nDirecci\u00f3n: C\/ FOGAINERS, S\/N, SECTOR 13 (P.I. RIBARROJA), 46190 &#8211; RIBARROJA DEL TURIA<br \/>\nE-mail: contabilidad@transsabater.com<\/p>\n<p><strong>DELEGADO DE PROTECCION DE DATOS<\/strong><\/p>\n<p>Contacto por email: info@aemol.com<\/p>\n<p><strong>FINALIDAD DEL TRATAMIENTO<\/strong><\/p>\n<p>La recogida y tratamiento de los datos personales recogidos a trav\u00e9s del formulario de contacto, tiene como finalidad la gesti\u00f3n, administraci\u00f3n, prestaci\u00f3n, ampliaci\u00f3n y mejora de los servicios prestados por TRANS. SABATER, S.L., atendiendo a las solicitudes de informaci\u00f3n y\/o consultas planteadas.<\/p>\n<p><strong>PLAZO DE CONSERVACI\u00d3N<\/strong><\/p>\n<p>Los datos personales proporcionados se conservar\u00e1n durante el plazo correspondiente para cumplir con las obligaciones legales, o hasta que se solicite su supresi\u00f3n por el interesado y este est\u00e9 legitimado para ello.<\/p>\n<p><strong>LEGITIMACI\u00d3N<\/strong><\/p>\n<p>TRANS. SABATER, S.L. est\u00e1 legitimado al tratamiento de datos personales, en base al consentimiento otorgado por el interesado para uno o varios fines espec\u00edficos, tal y como recoge el art\u00edculo 6.1.a) y 6.1.b) del Reglamento General de Protecci\u00f3n de datos personales.<\/p>\n<p><strong>DESTINATARIOS<\/strong><\/p>\n<p>Los datos personales recabados no se ceden a terceros.<\/p>\n<p><strong>DERECHOS DE LOS USUARIOS<\/strong>: \u00bfCu\u00e1les son sus derechos cuando nos facilita sus datos?<\/p>\n<ul>\n<li>Acceso: El interesado tiene derecho a saber qu\u00e9 datos est\u00e1 tratando la ENTIDAD sobre \u00e9l.<\/li>\n<li>Rectificaci\u00f3n: El interesado tiene derecho a solicitar la rectificaci\u00f3n de los datos inexactos.<\/li>\n<li>Supresi\u00f3n: El interesado tiene derecho a solicitar la supresi\u00f3n de sus datos cuando, entro otros motivos, los datos no sean necesarios para los fines que fueron recogidos.<\/li>\n<li>Limitaci\u00f3n del tratamiento: En determinadas circunstancias el interesado podr\u00e1 solicitar la limitaci\u00f3n del tratamiento de sus datos, en cuyo caso \u00fanicamente los conservaremos para el ejercicio o la defensa de reclamaciones.<\/li>\n<li>Oposici\u00f3n: En determinadas circunstancias el interesado podr\u00e1 oponerse al tratamiento de sus datos. En ese caso la ENTIDAD dejar\u00e1 de tratar sus datos, salvo por motivos leg\u00edtimos imperiosos o el ejercicio o la defensa de posibles reclamaciones.<\/li>\n<li>Portabilidad de los datos: S\u00f3lo aplicable a datos automatizados y consiste en pasar los datos desde la ENTIDAD a otro nuevo RESPONSABLE DEL TRATAMIENTO (no al interesado y por solicitud del mismo).<\/li>\n<\/ul>\n<p>Puede usted ejercer sus derechos inclu\u00eddo el derecho a retirar su consentimiento (si este fue otorgado) enviando un escrito acompa\u00f1ado de su DNI a TRANS. SABATER, S.L. en C\/ FOGAINERS, S\/N, SECTOR 13 (P.I. RIBARROJA), 46190 &#8211; RIBARROJA DEL TURIA o enviando un e-mail a contabilidad@transsabater.com<\/p>\n<p>Adem\u00e1s tiene usted derecho a presentar una reclamaci\u00f3n ante la Autoridad de Control en materia de Protecci\u00f3n de Datos, actualmente la Agencia Espa\u00f1ola de Protecci\u00f3n de Datos.<\/p>\n<p><strong>MEDIDAS DE SEGURIDAD<\/strong><\/p>\n<p>El responsable del tratamiento TRANS. SABATER, S.L. aplicar\u00e1 medidas t\u00e9cnicas y organizativas apropiadas para garantizar un nivel de seguridad adecuado al riesgo del mismo.<\/p>\n<p><strong>TRANSFERENCIAS INTERNACIONALES<\/strong><\/p>\n<p>No se realizan transferencias internacionales.<\/p>\n<p><strong>PERFILES Y TOMAS DE DECISIONES AUTOMATIZADAS<\/strong><\/p>\n<p>No se elaboran perfiles ni se toman decisiones automatizadas con los datos facilitados por el usuario.<\/td>\n<\/tr>\n<\/tbody>\n<\/table>\n\r\n\t\t\t<\/div>\r\n\t\t\t<style>@media screen and (max-width: 1023px) {.thegem-vc-text.thegem-custom-69e1ef7e2fb31476{display: block!important;}}@media screen and (max-width: 767px) {.thegem-vc-text.thegem-custom-69e1ef7e2fb31476{display: block!important;}}@media screen and (max-width: 1023px) {.thegem-vc-text.thegem-custom-69e1ef7e2fb31476{position: relative !important;}}@media screen and (max-width: 767px) {.thegem-vc-text.thegem-custom-69e1ef7e2fb31476{position: relative !important;}}<\/style>\r\n\t\t<\/div>\r\n\t\r\n<\/div><\/div><\/div><div class=\"wpb_column vc_column_container vc_col-sm-2 thegem-custom-69e1ef7e2fe327689\" ><div class=\"vc_column-inner thegem-custom-inner-69e1ef7e2fe33\"><div class=\"wpb_wrapper thegem-custom-69e1ef7e2fe327689\"><\/div><\/div><\/div><\/div>\n<\/div>","protected":false},"excerpt":{"rendered":"","protected":false},"author":1,"featured_media":0,"parent":0,"menu_order":0,"comment_status":"closed","ping_status":"closed","template":"","meta":{"footnotes":""},"yoast_head":"<!-- This site is optimized with the Yoast SEO plugin v22.0 - https:\/\/yoast.com\/wordpress\/plugins\/seo\/ -->\n<title>Pol\u00edtica de privacidad - Trans Sabater<\/title>\n<meta name=\"robots\" content=\"index, follow, max-snippet:-1, max-image-preview:large, max-video-preview:-1\" \/>\n<link rel=\"canonical\" href=\"https:\/\/trans-sabater.com\/en\/politica-de-privacidad\/\" \/>\n<meta property=\"og:locale\" content=\"en_GB\" \/>\n<meta property=\"og:type\" content=\"article\" \/>\n<meta property=\"og:title\" content=\"Pol\u00edtica de privacidad - Trans Sabater\" \/>\n<meta property=\"og:url\" content=\"https:\/\/trans-sabater.com\/en\/politica-de-privacidad\/\" \/>\n<meta property=\"og:site_name\" content=\"Trans Sabater\" \/>\n<meta property=\"article:modified_time\" content=\"2024-02-08T15:35:39+00:00\" \/>\n<meta name=\"twitter:card\" content=\"summary_large_image\" \/>\n<meta name=\"twitter:label1\" content=\"Estimated reading time\" \/>\n\t<meta name=\"twitter:data1\" content=\"4 minutes\" \/>\n<script type=\"application\/ld+json\" class=\"yoast-schema-graph\">{\"@context\":\"https:\/\/schema.org\",\"@graph\":[{\"@type\":\"WebPage\",\"@id\":\"https:\/\/trans-sabater.com\/politica-de-privacidad\/\",\"url\":\"https:\/\/trans-sabater.com\/politica-de-privacidad\/\",\"name\":\"Pol\u00edtica de privacidad - Trans Sabater\",\"isPartOf\":{\"@id\":\"https:\/\/trans-sabater.com\/#website\"},\"datePublished\":\"2024-01-12T11:40:01+00:00\",\"dateModified\":\"2024-02-08T15:35:39+00:00\",\"inLanguage\":\"en-GB\",\"potentialAction\":[{\"@type\":\"ReadAction\",\"target\":[\"https:\/\/trans-sabater.com\/politica-de-privacidad\/\"]}]},{\"@type\":\"WebSite\",\"@id\":\"https:\/\/trans-sabater.com\/#website\",\"url\":\"https:\/\/trans-sabater.com\/\",\"name\":\"Trans Sabater\",\"description\":\"Trans Sabater\",\"publisher\":{\"@id\":\"https:\/\/trans-sabater.com\/#organization\"},\"potentialAction\":[{\"@type\":\"SearchAction\",\"target\":{\"@type\":\"EntryPoint\",\"urlTemplate\":\"https:\/\/trans-sabater.com\/?s={search_term_string}\"},\"query-input\":\"required name=search_term_string\"}],\"inLanguage\":\"en-GB\"},{\"@type\":\"Organization\",\"@id\":\"https:\/\/trans-sabater.com\/#organization\",\"name\":\"Trans Sabater\",\"url\":\"https:\/\/trans-sabater.com\/\",\"logo\":{\"@type\":\"ImageObject\",\"inLanguage\":\"en-GB\",\"@id\":\"https:\/\/trans-sabater.com\/#\/schema\/logo\/image\/\",\"url\":\"https:\/\/trans-sabater.com\/wp-content\/uploads\/2023\/10\/logo-1.jpg\",\"contentUrl\":\"https:\/\/trans-sabater.com\/wp-content\/uploads\/2023\/10\/logo-1.jpg\",\"width\":600,\"height\":343,\"caption\":\"Trans Sabater\"},\"image\":{\"@id\":\"https:\/\/trans-sabater.com\/#\/schema\/logo\/image\/\"}}]}<\/script>\n<!-- \/ Yoast SEO plugin. -->","yoast_head_json":{"title":"Pol\u00edtica de privacidad - Trans Sabater","robots":{"index":"index","follow":"follow","max-snippet":"max-snippet:-1","max-image-preview":"max-image-preview:large","max-video-preview":"max-video-preview:-1"},"canonical":"https:\/\/trans-sabater.com\/en\/politica-de-privacidad\/","og_locale":"en_GB","og_type":"article","og_title":"Pol\u00edtica de privacidad - Trans Sabater","og_url":"https:\/\/trans-sabater.com\/en\/politica-de-privacidad\/","og_site_name":"Trans Sabater","article_modified_time":"2024-02-08T15:35:39+00:00","twitter_card":"summary_large_image","twitter_misc":{"Estimated reading time":"4 minutes"},"schema":{"@context":"https:\/\/schema.org","@graph":[{"@type":"WebPage","@id":"https:\/\/trans-sabater.com\/politica-de-privacidad\/","url":"https:\/\/trans-sabater.com\/politica-de-privacidad\/","name":"Pol\u00edtica de privacidad - Trans Sabater","isPartOf":{"@id":"https:\/\/trans-sabater.com\/#website"},"datePublished":"2024-01-12T11:40:01+00:00","dateModified":"2024-02-08T15:35:39+00:00","inLanguage":"en-GB","potentialAction":[{"@type":"ReadAction","target":["https:\/\/trans-sabater.com\/politica-de-privacidad\/"]}]},{"@type":"WebSite","@id":"https:\/\/trans-sabater.com\/#website","url":"https:\/\/trans-sabater.com\/","name":"Trans Sabater","description":"Trans Sabater","publisher":{"@id":"https:\/\/trans-sabater.com\/#organization"},"potentialAction":[{"@type":"SearchAction","target":{"@type":"EntryPoint","urlTemplate":"https:\/\/trans-sabater.com\/?s={search_term_string}"},"query-input":"required name=search_term_string"}],"inLanguage":"en-GB"},{"@type":"Organization","@id":"https:\/\/trans-sabater.com\/#organization","name":"Trans Sabater","url":"https:\/\/trans-sabater.com\/","logo":{"@type":"ImageObject","inLanguage":"en-GB","@id":"https:\/\/trans-sabater.com\/#\/schema\/logo\/image\/","url":"https:\/\/trans-sabater.com\/wp-content\/uploads\/2023\/10\/logo-1.jpg","contentUrl":"https:\/\/trans-sabater.com\/wp-content\/uploads\/2023\/10\/logo-1.jpg","width":600,"height":343,"caption":"Trans Sabater"},"image":{"@id":"https:\/\/trans-sabater.com\/#\/schema\/logo\/image\/"}}]}},"_links":{"self":[{"href":"https:\/\/trans-sabater.com\/en\/wp-json\/wp\/v2\/pages\/26621"}],"collection":[{"href":"https:\/\/trans-sabater.com\/en\/wp-json\/wp\/v2\/pages"}],"about":[{"href":"https:\/\/trans-sabater.com\/en\/wp-json\/wp\/v2\/types\/page"}],"author":[{"embeddable":true,"href":"https:\/\/trans-sabater.com\/en\/wp-json\/wp\/v2\/users\/1"}],"replies":[{"embeddable":true,"href":"https:\/\/trans-sabater.com\/en\/wp-json\/wp\/v2\/comments?post=26621"}],"version-history":[{"count":4,"href":"https:\/\/trans-sabater.com\/en\/wp-json\/wp\/v2\/pages\/26621\/revisions"}],"predecessor-version":[{"id":26691,"href":"https:\/\/trans-sabater.com\/en\/wp-json\/wp\/v2\/pages\/26621\/revisions\/26691"}],"wp:attachment":[{"href":"https:\/\/trans-sabater.com\/en\/wp-json\/wp\/v2\/media?parent=26621"}],"curies":[{"name":"wp","href":"https:\/\/api.w.org\/{rel}","templated":true}]}}