{"id":26740,"date":"2024-03-27T14:46:23","date_gmt":"2024-03-27T14:46:23","guid":{"rendered":"https:\/\/trans-sabater.com\/?page_id=26740"},"modified":"2026-02-17T17:32:30","modified_gmt":"2026-02-17T17:32:30","slug":"politica-de-sig","status":"publish","type":"page","link":"https:\/\/trans-sabater.com\/en\/politica-de-sig\/","title":{"rendered":"Pol\u00edtica de SIG"},"content":{"rendered":"<div class=\"wpb-content-wrapper\"><div id=\"vc_row-69e1da52aaf9f\" class=\"vc_row wpb_row vc_row-fluid thegem-custom-69e1da52aaf756583\"><style>@media screen and (max-width: 767px) {.thegem-custom-69e1da52aaf756583.wpb_row {display: none;}}<\/style><div class=\"wpb_column vc_column_container vc_col-sm-12 thegem-custom-69e1da52ab2c52361\" ><div class=\"vc_column-inner thegem-custom-inner-69e1da52ab2c6\"><div class=\"wpb_wrapper thegem-custom-69e1da52ab2c52361\"><div class=\"vc_empty_space\"   style=\"height: 52px\"><span class=\"vc_empty_space_inner\"><\/span><\/div><\/div><\/div><\/div><\/div><div id=\"vc_row-69e1da52ab941\" class=\"vc_row wpb_row vc_row-fluid thegem-custom-69e1da52ab9394937\"><div class=\"wpb_column vc_column_container vc_col-sm-2 thegem-custom-69e1da52abba24897\" ><div class=\"vc_column-inner thegem-custom-inner-69e1da52abba3\"><div class=\"wpb_wrapper thegem-custom-69e1da52abba24897\"><\/div><\/div><\/div><div class=\"wpb_column vc_column_container vc_col-sm-8 thegem-custom-69e1da52abdb92183\" ><div class=\"vc_column-inner thegem-custom-inner-69e1da52abdbb\"><div class=\"wpb_wrapper thegem-custom-69e1da52abdb92183\">\r\n\t\r\n\t\t<div class=\"wpb_text_column wpb_content_element  thegem-vc-text thegem-custom-69e1da52ac0c62304\"  >\r\n\t\t\t<div class=\"wpb_wrapper\">\r\n\t\t\t\t<p style=\"text-align: center;\"><strong>POL\u00cdTICA DEL SISTEMA INTEGRADO DE GESTI\u00d3N<\/strong><\/p>\n<p style=\"text-align: center;\">Medio Ambiente<\/p>\n<p style=\"text-align: center;\">Calidad<\/p>\n<p style=\"text-align: center;\">Seguridad y Salud en el Trabajo<\/p>\n<p style=\"text-align: right;\">02 de febrero de 2026<\/p>\n<p style=\"text-align: left;\"><strong>TRANS.SABATER<\/strong> es consciente de la necesidad de prevenir los riesgos inherentes al trabajo, proteger y conservar el entorno medioambiental y utilizar la calidad del servicio prestado, que consta de recogida, transporte, almacenamiento y valorizaci\u00f3n de residuos no peligrosos como uno de los elementos diferenciadores clave y por tanto competitivos.<\/p>\n<p style=\"text-align: left;\"><strong>TRANS.SABATER<\/strong>, estima que una Pol\u00edtica Integrada (Medio Ambiente, Calidad, y Seguridad y Salud en el Trabajo) eficaz es fundamental en la actividad y gesti\u00f3n de la propia empresa y para ello, dentro del marco que esta proporciona, ha decidido implantar un Sistema Integrado de Gesti\u00f3n seg\u00fan las normas UNE-EN-ISO-14.001, UNE-EN-ISO-9.001, UNE-15343, y la Fin de Condici\u00f3n de Residuo y cumplir con toda la legislaci\u00f3n medioambiental, de seguridad y salud en el trabajo, y otros requisitos que les sean de aplicaci\u00f3n.<\/p>\n<p style=\"text-align: left;\">Para poder alcanzar dicha meta es fundamental que cada uno de nuestros colaboradores comprenda los siguientes puntos de nuestra Pol\u00edtica y los haga suyos.<\/p>\n<ul>\n<li style=\"text-align: left;\">Fomentar la participaci\u00f3n del personal a todos los niveles para la consecuci\u00f3n de los objetivos y metas establecidos, la protecci\u00f3n del medioambiente, y la prevenci\u00f3n de los da\u00f1os y del deterioro de la salud.<\/li>\n<li style=\"text-align: left;\">Aplicar programas de mejora continua, para el desarrollo del desempe\u00f1o y del sistema integrado de gesti\u00f3n, que permitan a su vez, utilizar racionalmente los recursos, reducir la producci\u00f3n de residuos, emisiones, vertidos e impactos ambientales, haciendo que las instalaciones y actividades de <strong>TRANS.SABATER<\/strong> sean cada d\u00eda m\u00e1s seguras, y m\u00e1s respetuosas con el entorno.<\/li>\n<li style=\"text-align: left;\">Mantener en todos los centros un control permanente del cumplimiento legislativo y la revisi\u00f3n peri\u00f3dica del comportamiento medioambiental y de la seguridad de las instalaciones.<\/li>\n<li style=\"text-align: left;\">Facilitar a todo el personal los equipos de trabajo y medios de seguridad personal y colectiva, necesarios para realizar el trabajo en condiciones seguras.<\/li>\n<li style=\"text-align: left;\">Adoptar procesos y tecnolog\u00edas que ayuden en la prevenci\u00f3n de la contaminaci\u00f3n y en la prevenci\u00f3n de los da\u00f1os y del deterioro de la salud, siempre que ello sea posible t\u00e9cnica y econ\u00f3micamente.<\/li>\n<li style=\"text-align: left;\">Satisfacci\u00f3n y fidelizaci\u00f3n de los clientes, ofreciendo productos y servicios en donde se perciba m\u00e1s de lo que se espera, de forma continuada en el tiempo, superando a la competencia en el conjunto y calidad del producto y servicio.<\/li>\n<li style=\"text-align: left;\">En los procesos y actividades internas, mejorar la eficacia de estos y considerar las etapas posteriores como clientes, a fin de lograr mayores productividades.<\/li>\n<li style=\"text-align: left;\">Revisar la pol\u00edtica del Sistema Integrado de Gesti\u00f3n haciendo suyas las nuevas exigencias del entorno siempre bajo un enfoque permanente de mejora continua.<\/li>\n<li style=\"text-align: left;\">La pol\u00edtica del Sistema Integrado de Gesti\u00f3n estar\u00e1 siempre a disposici\u00f3n de toda persona que lo solicite tanto de la organizaci\u00f3n como ajena a ella.<\/li>\n<li style=\"text-align: left;\">Mejorar de forma continua en todos los aspectos clave de la empresa.<\/li>\n<\/ul>\n<div>\n<p>&nbsp;<\/p>\n<p style=\"text-align: center;\">Jose Sabater Belenguer<\/p>\n<p style=\"text-align: center;\">Director de <strong>TRANS.SABATER, S.L.<\/strong><\/p>\n<\/div>\n<p style=\"text-align: center;\"><strong><span style=\"color: #ff0000;\">MEJORANDO <span style=\"color: #008000;\">EL<\/span><\/span><span style=\"color: #008000;\"> MEDIO AMBIENTE<\/span><\/strong><br \/>\n<strong><span style=\"color: #ff0000;\">MEJORANDO<\/span> <span style=\"color: #008000;\">LA GESTI\u00d3N DE CALIDAD<\/span><\/strong><br \/>\n<strong><span style=\"color: #ff0000;\">MEJORANDO<\/span> <span style=\"color: #008000;\">LA SEGURIDAD Y SALUD EN EL TRABAJO<\/span><\/strong><\/p>\n\r\n\t\t\t<\/div>\r\n\t\t\t<style>@media screen and (max-width: 1023px) {.thegem-vc-text.thegem-custom-69e1da52ac0c62304{display: block!important;}}@media screen and (max-width: 767px) {.thegem-vc-text.thegem-custom-69e1da52ac0c62304{display: block!important;}}@media screen and (max-width: 1023px) {.thegem-vc-text.thegem-custom-69e1da52ac0c62304{position: relative !important;}}@media screen and (max-width: 767px) {.thegem-vc-text.thegem-custom-69e1da52ac0c62304{position: relative !important;}}<\/style>\r\n\t\t<\/div>\r\n\t\r\n<\/div><\/div><\/div><div class=\"wpb_column vc_column_container vc_col-sm-2 thegem-custom-69e1da52ac3a39144\" ><div class=\"vc_column-inner thegem-custom-inner-69e1da52ac3a4\"><div class=\"wpb_wrapper thegem-custom-69e1da52ac3a39144\"><\/div><\/div><\/div><\/div>\n<\/div>","protected":false},"excerpt":{"rendered":"","protected":false},"author":5,"featured_media":0,"parent":0,"menu_order":0,"comment_status":"closed","ping_status":"closed","template":"","meta":{"footnotes":""},"yoast_head":"<!-- This site is optimized with the Yoast SEO plugin v22.0 - https:\/\/yoast.com\/wordpress\/plugins\/seo\/ -->\n<title>Pol\u00edtica de SIG - Trans Sabater<\/title>\n<meta name=\"robots\" content=\"index, follow, max-snippet:-1, max-image-preview:large, max-video-preview:-1\" \/>\n<link rel=\"canonical\" href=\"https:\/\/trans-sabater.com\/en\/politica-de-sig\/\" \/>\n<meta property=\"og:locale\" content=\"en_GB\" \/>\n<meta property=\"og:type\" content=\"article\" \/>\n<meta property=\"og:title\" content=\"Pol\u00edtica de SIG - Trans Sabater\" \/>\n<meta property=\"og:url\" content=\"https:\/\/trans-sabater.com\/en\/politica-de-sig\/\" \/>\n<meta property=\"og:site_name\" content=\"Trans Sabater\" \/>\n<meta property=\"article:modified_time\" content=\"2026-02-17T17:32:30+00:00\" \/>\n<meta name=\"twitter:card\" content=\"summary_large_image\" \/>\n<meta name=\"twitter:label1\" content=\"Estimated reading time\" \/>\n\t<meta name=\"twitter:data1\" content=\"3 minutes\" \/>\n<script type=\"application\/ld+json\" class=\"yoast-schema-graph\">{\"@context\":\"https:\/\/schema.org\",\"@graph\":[{\"@type\":\"WebPage\",\"@id\":\"https:\/\/trans-sabater.com\/politica-de-sig\/\",\"url\":\"https:\/\/trans-sabater.com\/politica-de-sig\/\",\"name\":\"Pol\u00edtica de SIG - Trans Sabater\",\"isPartOf\":{\"@id\":\"https:\/\/trans-sabater.com\/#website\"},\"datePublished\":\"2024-03-27T14:46:23+00:00\",\"dateModified\":\"2026-02-17T17:32:30+00:00\",\"inLanguage\":\"en-GB\",\"potentialAction\":[{\"@type\":\"ReadAction\",\"target\":[\"https:\/\/trans-sabater.com\/politica-de-sig\/\"]}]},{\"@type\":\"WebSite\",\"@id\":\"https:\/\/trans-sabater.com\/#website\",\"url\":\"https:\/\/trans-sabater.com\/\",\"name\":\"Trans Sabater\",\"description\":\"Trans Sabater\",\"publisher\":{\"@id\":\"https:\/\/trans-sabater.com\/#organization\"},\"potentialAction\":[{\"@type\":\"SearchAction\",\"target\":{\"@type\":\"EntryPoint\",\"urlTemplate\":\"https:\/\/trans-sabater.com\/?s={search_term_string}\"},\"query-input\":\"required name=search_term_string\"}],\"inLanguage\":\"en-GB\"},{\"@type\":\"Organization\",\"@id\":\"https:\/\/trans-sabater.com\/#organization\",\"name\":\"Trans Sabater\",\"url\":\"https:\/\/trans-sabater.com\/\",\"logo\":{\"@type\":\"ImageObject\",\"inLanguage\":\"en-GB\",\"@id\":\"https:\/\/trans-sabater.com\/#\/schema\/logo\/image\/\",\"url\":\"https:\/\/trans-sabater.com\/wp-content\/uploads\/2023\/10\/logo-1.jpg\",\"contentUrl\":\"https:\/\/trans-sabater.com\/wp-content\/uploads\/2023\/10\/logo-1.jpg\",\"width\":600,\"height\":343,\"caption\":\"Trans Sabater\"},\"image\":{\"@id\":\"https:\/\/trans-sabater.com\/#\/schema\/logo\/image\/\"}}]}<\/script>\n<!-- \/ Yoast SEO plugin. -->","yoast_head_json":{"title":"Pol\u00edtica de SIG - Trans Sabater","robots":{"index":"index","follow":"follow","max-snippet":"max-snippet:-1","max-image-preview":"max-image-preview:large","max-video-preview":"max-video-preview:-1"},"canonical":"https:\/\/trans-sabater.com\/en\/politica-de-sig\/","og_locale":"en_GB","og_type":"article","og_title":"Pol\u00edtica de SIG - Trans Sabater","og_url":"https:\/\/trans-sabater.com\/en\/politica-de-sig\/","og_site_name":"Trans Sabater","article_modified_time":"2026-02-17T17:32:30+00:00","twitter_card":"summary_large_image","twitter_misc":{"Estimated reading time":"3 minutes"},"schema":{"@context":"https:\/\/schema.org","@graph":[{"@type":"WebPage","@id":"https:\/\/trans-sabater.com\/politica-de-sig\/","url":"https:\/\/trans-sabater.com\/politica-de-sig\/","name":"Pol\u00edtica de SIG - Trans Sabater","isPartOf":{"@id":"https:\/\/trans-sabater.com\/#website"},"datePublished":"2024-03-27T14:46:23+00:00","dateModified":"2026-02-17T17:32:30+00:00","inLanguage":"en-GB","potentialAction":[{"@type":"ReadAction","target":["https:\/\/trans-sabater.com\/politica-de-sig\/"]}]},{"@type":"WebSite","@id":"https:\/\/trans-sabater.com\/#website","url":"https:\/\/trans-sabater.com\/","name":"Trans Sabater","description":"Trans Sabater","publisher":{"@id":"https:\/\/trans-sabater.com\/#organization"},"potentialAction":[{"@type":"SearchAction","target":{"@type":"EntryPoint","urlTemplate":"https:\/\/trans-sabater.com\/?s={search_term_string}"},"query-input":"required name=search_term_string"}],"inLanguage":"en-GB"},{"@type":"Organization","@id":"https:\/\/trans-sabater.com\/#organization","name":"Trans Sabater","url":"https:\/\/trans-sabater.com\/","logo":{"@type":"ImageObject","inLanguage":"en-GB","@id":"https:\/\/trans-sabater.com\/#\/schema\/logo\/image\/","url":"https:\/\/trans-sabater.com\/wp-content\/uploads\/2023\/10\/logo-1.jpg","contentUrl":"https:\/\/trans-sabater.com\/wp-content\/uploads\/2023\/10\/logo-1.jpg","width":600,"height":343,"caption":"Trans Sabater"},"image":{"@id":"https:\/\/trans-sabater.com\/#\/schema\/logo\/image\/"}}]}},"_links":{"self":[{"href":"https:\/\/trans-sabater.com\/en\/wp-json\/wp\/v2\/pages\/26740"}],"collection":[{"href":"https:\/\/trans-sabater.com\/en\/wp-json\/wp\/v2\/pages"}],"about":[{"href":"https:\/\/trans-sabater.com\/en\/wp-json\/wp\/v2\/types\/page"}],"author":[{"embeddable":true,"href":"https:\/\/trans-sabater.com\/en\/wp-json\/wp\/v2\/users\/5"}],"replies":[{"embeddable":true,"href":"https:\/\/trans-sabater.com\/en\/wp-json\/wp\/v2\/comments?post=26740"}],"version-history":[{"count":6,"href":"https:\/\/trans-sabater.com\/en\/wp-json\/wp\/v2\/pages\/26740\/revisions"}],"predecessor-version":[{"id":26802,"href":"https:\/\/trans-sabater.com\/en\/wp-json\/wp\/v2\/pages\/26740\/revisions\/26802"}],"wp:attachment":[{"href":"https:\/\/trans-sabater.com\/en\/wp-json\/wp\/v2\/media?parent=26740"}],"curies":[{"name":"wp","href":"https:\/\/api.w.org\/{rel}","templated":true}]}}