{"id":25973,"date":"2023-10-25T08:24:21","date_gmt":"2023-10-25T08:24:21","guid":{"rendered":"https:\/\/trans-sabater.com\/?page_id=25973"},"modified":"2024-02-28T10:33:37","modified_gmt":"2024-02-28T10:33:37","slug":"servicios","status":"publish","type":"page","link":"https:\/\/trans-sabater.com\/es_es\/servicios\/","title":{"rendered":"SERVICIOS"},"content":{"rendered":"<div class=\"wpb-content-wrapper\"><div class=\"vc_row-full-width-before\"><\/div><div id=\"vc_row-69f2ab4388902\" data-vc-full-width=\"true\" data-vc-full-width-init=\"false\" class=\"vc_row wpb_row vc_row-fluid vc_custom_1698222813972 thegem-custom-69f2ab43888d39711\"><script type=\"text\/javascript\">if (typeof(gem_fix_fullwidth_position) == \"function\") { gem_fix_fullwidth_position(document.getElementById(\"vc_row-69f2ab4388902\")); }<\/script><style>@media screen and (max-width: 767px) {.thegem-custom-69f2ab43888d39711.wpb_row {display: none;}}<\/style><div class=\"wpb_column vc_column_container vc_col-sm-12 thegem-custom-69f2ab4388e578180\" ><div class=\"vc_column-inner thegem-custom-inner-69f2ab4388e58 \"><div class=\"wpb_wrapper thegem-custom-69f2ab4388e578180\"><div class=\"vc_empty_space\"   style=\"height: 22px\"><span class=\"vc_empty_space_inner\"><\/span><\/div><\/div><\/div><\/div><\/div><div class=\"vc_row-full-width vc_clearfix\"><\/div><div class=\"vc_row-full-width-before\"><\/div><div id=\"vc_row-69f2ab4389581\" data-vc-full-width=\"true\" data-vc-full-width-init=\"false\" class=\"vc_row wpb_row vc_row-fluid vc_custom_1698222766790 thegem-custom-69f2ab43895745844 vc_row-has-fill\"><script type=\"text\/javascript\">if (typeof(gem_fix_fullwidth_position) == \"function\") { gem_fix_fullwidth_position(document.getElementById(\"vc_row-69f2ab4389581\")); }<\/script><div class=\"wpb_column vc_column_container vc_col-sm-6 thegem-custom-69f2ab43897ba6803\" ><div class=\"vc_column-inner thegem-custom-inner-69f2ab43897bb vc_custom_1698145355711\"><div class=\"wpb_wrapper thegem-custom-69f2ab43897ba6803\">\r\n\t\r\n\t\t<div class=\"wpb_text_column wpb_content_element  thegem-vc-text thegem-custom-69f2ab4389b9e3299\"  >\r\n\t\t\t<div class=\"wpb_wrapper\">\r\n\t\t\t\t<p>La gesti\u00f3n eficiente de residuos postindustriales se presenta como un pilar fundamental para las empresas que buscan consolidar su <strong>compromiso con la sostenibilidad<\/strong>. Hemos acumulado una vasta experiencia en diversas actividades de recogida, lo que nos permite ofrecer <strong>soluciones integrales<\/strong> a nuestros clientes.<\/p>\n<p>Desde la fase inicial de planificaci\u00f3n hasta la ejecuci\u00f3n de las operaciones, brindamos un servicio confiable que va m\u00e1s all\u00e1 de la simple gesti\u00f3n de residuos. Enfocados en <strong>fusionar la responsabilidad ambiental con la excelencia operativa<\/strong>, nos convertimos en socios estrat\u00e9gicos para las empresas, permiti\u00e9ndoles concentrarse en su core business mientras nosotros nos encargamos de la gesti\u00f3n experta y sostenible de sus residuos.<\/p>\n<p>Nuestra dedicaci\u00f3n no solo se traduce en una recogida eficiente, sino tambi\u00e9n en la implementaci\u00f3n de pr\u00e1cticas innovadoras que optimizan los procesos de reciclaje. Trabajamos incansablemente para asegurar que cada fase de la gesti\u00f3n de residuos est\u00e9 alineada con los m\u00e1s <strong>altos est\u00e1ndares de sostenibilidad<\/strong>, proporcionando a las empresas la tranquilidad de saber que est\u00e1n contribuyendo de manera significativa al cuidado del medio ambiente.<\/p>\n<p>M\u00e1s all\u00e1 de la gesti\u00f3n de residuos, creamos asociaciones duraderas basadas en <strong>la confianza y el compromiso<\/strong> con la sostenibilidad. Estamos listos para ser su aliado en la b\u00fasqueda de soluciones que no solo cumplen con los requisitos medioambientales, sino que tambi\u00e9n impulsan el rendimiento operativo y reflejan una aut\u00e9ntica responsabilidad empresarial hacia el planeta.<\/p>\n\r\n\t\t\t<\/div>\r\n\t\t\t<style>@media screen and (max-width: 1023px) {.thegem-vc-text.thegem-custom-69f2ab4389b9e3299{display: block!important;}}@media screen and (max-width: 767px) {.thegem-vc-text.thegem-custom-69f2ab4389b9e3299{display: block!important;}}@media screen and (max-width: 1023px) {.thegem-vc-text.thegem-custom-69f2ab4389b9e3299{position: relative !important;}}@media screen and (max-width: 767px) {.thegem-vc-text.thegem-custom-69f2ab4389b9e3299{position: relative !important;}}<\/style>\r\n\t\t<\/div>\r\n\t\r\n<\/div><\/div><\/div><div class=\"wpb_column vc_column_container vc_col-sm-6 thegem-custom-69f2ab4389df65697\" ><div class=\"vc_column-inner thegem-custom-inner-69f2ab4389df7 \"><div class=\"wpb_wrapper thegem-custom-69f2ab4389df65697\">\r\n\t\r\n\t<div  class=\"wpb_single_image wpb_content_element vc_align_left\" >\r\n\t\t\r\n\t\t<figure class=\"wpb_wrapper vc_figure\">\r\n\t\t\t<div class=\"vc_single_image-wrapper   vc_box_border_grey\"><img width=\"1000\" height=\"1000\" src=\"https:\/\/trans-sabater.com\/wp-content\/uploads\/2024\/01\/INFOGAFIA-SERVICIOS-SF.png\" class=\"vc_single_image-img attachment-full\" alt=\"INFOGAF\u00cdA SERVICIOS trabs sabater\" decoding=\"async\" title=\"INFOGAF\u00cdA SERVICIOS trabs sabater\" srcset=\"https:\/\/trans-sabater.com\/wp-content\/uploads\/2024\/01\/INFOGAFIA-SERVICIOS-SF.png 1000w, https:\/\/trans-sabater.com\/wp-content\/uploads\/2024\/01\/INFOGAFIA-SERVICIOS-SF-300x300.png 300w, https:\/\/trans-sabater.com\/wp-content\/uploads\/2024\/01\/INFOGAFIA-SERVICIOS-SF-150x150.png 150w, https:\/\/trans-sabater.com\/wp-content\/uploads\/2024\/01\/INFOGAFIA-SERVICIOS-SF-768x768.png 768w, https:\/\/trans-sabater.com\/wp-content\/uploads\/2024\/01\/INFOGAFIA-SERVICIOS-SF-256x256.png 256w\" sizes=\"(max-width: 1000px) 100vw, 1000px\" \/><\/div>\r\n\t\t<\/figure>\r\n\t<\/div>\r\n\t\r\n<\/div><\/div><\/div><\/div><div class=\"vc_row-full-width vc_clearfix\"><\/div><div class=\"vc_row-full-width-before\"><\/div><div id=\"vc_row-69f2ab438a98e\" data-vc-full-width=\"true\" data-vc-full-width-init=\"false\" class=\"vc_row wpb_row vc_row-fluid wpb_animate_when_almost_visible wpb_fadeInUp fadeInUp vc_custom_1704910427919 thegem-custom-69f2ab438a97e7912 vc_row-has-fill\"><script type=\"text\/javascript\">if (typeof(gem_fix_fullwidth_position) == \"function\") { gem_fix_fullwidth_position(document.getElementById(\"vc_row-69f2ab438a98e\")); }<\/script><div class=\"wpb_column vc_column_container vc_col-sm-4 thegem-custom-69f2ab438abc26111\" ><div class=\"vc_column-inner thegem-custom-inner-69f2ab438abc3 vc_custom_1698145348014\"><div class=\"wpb_wrapper thegem-custom-69f2ab438abc26111\"><h2 style=\"text-align: left\" class=\"vc_custom_heading vc_custom_1703774941984\" >Servicios<\/h2><\/div><\/div><\/div><div class=\"wpb_column vc_column_container vc_col-sm-8 thegem-custom-69f2ab438b39f9376\" ><div class=\"vc_column-inner thegem-custom-inner-69f2ab438b3a0 vc_custom_1698145355711\"><div class=\"wpb_wrapper thegem-custom-69f2ab438b39f9376\"><\/div><\/div><\/div><\/div><div class=\"vc_row-full-width vc_clearfix\"><\/div><div class=\"vc_row-full-width-before\"><\/div><div id=\"vc_row-69f2ab438b5e6\" data-vc-full-width=\"true\" data-vc-full-width-init=\"false\" class=\"vc_row wpb_row vc_row-fluid wpb_animate_when_almost_visible wpb_fadeInUp fadeInUp vc_custom_1704910418771 thegem-custom-69f2ab438b5d77113 vc_row-has-fill\"><script type=\"text\/javascript\">if (typeof(gem_fix_fullwidth_position) == \"function\") { gem_fix_fullwidth_position(document.getElementById(\"vc_row-69f2ab438b5e6\")); }<\/script><div class=\"wpb_column vc_column_container vc_col-sm-3 thegem-custom-69f2ab438b82a9895\" ><div class=\"vc_column-inner thegem-custom-inner-69f2ab438b82b \"><div class=\"wpb_wrapper thegem-custom-69f2ab438b82a9895\"><div\n\tclass=\"vc_icon_element vc_icon_element-outer vc_icon_element-align-center\" >\n\t<div class=\"vc_icon_element-inner vc_icon_element-color-custom vc_icon_element-size-xl vc_icon_element-style- vc_icon_element-background-color-grey\">\n\t\t<span class=\"vc_icon_element-icon fas fa-dumpster\" style=\"color:#00612e !important\"><\/span><\/div>\n<\/div>\n\r\n\t\r\n\t\t<div class=\"wpb_text_column wpb_content_element  thegem-vc-text thegem-custom-69f2ab438bd8a6288\"  >\r\n\t\t\t<div class=\"wpb_wrapper\">\r\n\t\t\t\t<h4 style=\"text-align: center;\">Recogida y recepci\u00f3n de residuos<\/h4>\n\r\n\t\t\t<\/div>\r\n\t\t\t<style>@media screen and (max-width: 1023px) {.thegem-vc-text.thegem-custom-69f2ab438bd8a6288{display: block!important;}}@media screen and (max-width: 767px) {.thegem-vc-text.thegem-custom-69f2ab438bd8a6288{display: block!important;}}@media screen and (max-width: 1023px) {.thegem-vc-text.thegem-custom-69f2ab438bd8a6288{position: relative !important;}}@media screen and (max-width: 767px) {.thegem-vc-text.thegem-custom-69f2ab438bd8a6288{position: relative !important;}}<\/style>\r\n\t\t<\/div>\r\n\t\r\n<\/div><\/div><\/div><div class=\"wpb_column vc_column_container vc_col-sm-3 thegem-custom-69f2ab438bf9e2061\" ><div class=\"vc_column-inner thegem-custom-inner-69f2ab438bf9f vc_custom_1698145355711\"><div class=\"wpb_wrapper thegem-custom-69f2ab438bf9e2061\"><div\n\tclass=\"vc_icon_element vc_icon_element-outer vc_icon_element-align-center\" >\n\t<div class=\"vc_icon_element-inner vc_icon_element-color-custom vc_icon_element-size-xl vc_icon_element-style- vc_icon_element-background-color-grey\">\n\t\t<span class=\"vc_icon_element-icon fas fa-recycle\" style=\"color:#00612e !important\"><\/span><\/div>\n<\/div>\n\r\n\t\r\n\t\t<div class=\"wpb_text_column wpb_content_element  thegem-vc-text thegem-custom-69f2ab438c2d41811\"  >\r\n\t\t\t<div class=\"wpb_wrapper\">\r\n\t\t\t\t<h4 style=\"text-align: center;\">Gesti\u00f3n integral: Residuo cero<\/h4>\n\r\n\t\t\t<\/div>\r\n\t\t\t<style>@media screen and (max-width: 1023px) {.thegem-vc-text.thegem-custom-69f2ab438c2d41811{display: block!important;}}@media screen and (max-width: 767px) {.thegem-vc-text.thegem-custom-69f2ab438c2d41811{display: block!important;}}@media screen and (max-width: 1023px) {.thegem-vc-text.thegem-custom-69f2ab438c2d41811{position: relative !important;}}@media screen and (max-width: 767px) {.thegem-vc-text.thegem-custom-69f2ab438c2d41811{position: relative !important;}}<\/style>\r\n\t\t<\/div>\r\n\t\r\n<\/div><\/div><\/div><div class=\"wpb_column vc_column_container vc_col-sm-3 thegem-custom-69f2ab438c4e16111\" ><div class=\"vc_column-inner thegem-custom-inner-69f2ab438c4e3 \"><div class=\"wpb_wrapper thegem-custom-69f2ab438c4e16111\"><div\n\tclass=\"vc_icon_element vc_icon_element-outer vc_icon_element-align-center\" >\n\t<div class=\"vc_icon_element-inner vc_icon_element-color-custom vc_icon_element-size-xl vc_icon_element-style- vc_icon_element-background-color-grey\">\n\t\t<span class=\"vc_icon_element-icon fas fa-burn\" style=\"color:#00612e !important\"><\/span><\/div>\n<\/div>\n\r\n\t\r\n\t\t<div class=\"wpb_text_column wpb_content_element  thegem-vc-text thegem-custom-69f2ab438c811657\"  >\r\n\t\t\t<div class=\"wpb_wrapper\">\r\n\t\t\t\t<h4 style=\"text-align: center;\">Soluciones de valorizaci\u00f3n energ\u00e9tica<\/h4>\n\r\n\t\t\t<\/div>\r\n\t\t\t<style>@media screen and (max-width: 1023px) {.thegem-vc-text.thegem-custom-69f2ab438c811657{display: block!important;}}@media screen and (max-width: 767px) {.thegem-vc-text.thegem-custom-69f2ab438c811657{display: block!important;}}@media screen and (max-width: 1023px) {.thegem-vc-text.thegem-custom-69f2ab438c811657{position: relative !important;}}@media screen and (max-width: 767px) {.thegem-vc-text.thegem-custom-69f2ab438c811657{position: relative !important;}}<\/style>\r\n\t\t<\/div>\r\n\t\r\n<\/div><\/div><\/div><div class=\"wpb_column vc_column_container vc_col-sm-3 thegem-custom-69f2ab438ca183982\" ><div class=\"vc_column-inner thegem-custom-inner-69f2ab438ca19 \"><div class=\"wpb_wrapper thegem-custom-69f2ab438ca183982\"><div\n\tclass=\"vc_icon_element vc_icon_element-outer vc_icon_element-align-center\" >\n\t<div class=\"vc_icon_element-inner vc_icon_element-color-custom vc_icon_element-size-xl vc_icon_element-style- vc_icon_element-background-color-grey\">\n\t\t<span class=\"vc_icon_element-icon fas fa-stamp\" style=\"color:#00612e !important\"><\/span><\/div>\n<\/div>\n\r\n\t\r\n\t\t<div class=\"wpb_text_column wpb_content_element  thegem-vc-text thegem-custom-69f2ab438cd451157\"  >\r\n\t\t\t<div class=\"wpb_wrapper\">\r\n\t\t\t\t<h4 style=\"text-align: center;\">Destrucciones certificadas<\/h4>\n\r\n\t\t\t<\/div>\r\n\t\t\t<style>@media screen and (max-width: 1023px) {.thegem-vc-text.thegem-custom-69f2ab438cd451157{display: block!important;}}@media screen and (max-width: 767px) {.thegem-vc-text.thegem-custom-69f2ab438cd451157{display: block!important;}}@media screen and (max-width: 1023px) {.thegem-vc-text.thegem-custom-69f2ab438cd451157{position: relative !important;}}@media screen and (max-width: 767px) {.thegem-vc-text.thegem-custom-69f2ab438cd451157{position: relative !important;}}<\/style>\r\n\t\t<\/div>\r\n\t\r\n<\/div><\/div><\/div><\/div><div class=\"vc_row-full-width vc_clearfix\"><\/div><div class=\"vc_row-full-width-before\"><\/div><div id=\"vc_row-69f2ab438cfac\" data-vc-full-width=\"true\" data-vc-full-width-init=\"false\" class=\"vc_row wpb_row vc_row-fluid vc_custom_1698222813972 thegem-custom-69f2ab438cfa25123\"><script type=\"text\/javascript\">if (typeof(gem_fix_fullwidth_position) == \"function\") { gem_fix_fullwidth_position(document.getElementById(\"vc_row-69f2ab438cfac\")); }<\/script><style>@media screen and (max-width: 767px) {.thegem-custom-69f2ab438cfa25123.wpb_row {display: none;}}<\/style><div class=\"wpb_column vc_column_container vc_col-sm-12 thegem-custom-69f2ab438d1a3971\" ><div class=\"vc_column-inner thegem-custom-inner-69f2ab438d1a5 \"><div class=\"wpb_wrapper thegem-custom-69f2ab438d1a3971\"><div class=\"vc_empty_space\"   style=\"height: 32px\"><span class=\"vc_empty_space_inner\"><\/span><\/div><\/div><\/div><\/div><\/div><div class=\"vc_row-full-width vc_clearfix\"><\/div><div class=\"vc_row-full-width-before\"><\/div><div id=\"vc_row-69f2ab438d5e6\" data-vc-full-width=\"true\" data-vc-full-width-init=\"false\" class=\"vc_row wpb_row vc_row-fluid wpb_animate_when_almost_visible wpb_fadeInUp fadeInUp vc_custom_1704910438461 thegem-custom-69f2ab438d5d97387 vc_row-has-fill\"><script type=\"text\/javascript\">if (typeof(gem_fix_fullwidth_position) == \"function\") { gem_fix_fullwidth_position(document.getElementById(\"vc_row-69f2ab438d5e6\")); }<\/script><div class=\"wpb_column vc_column_container vc_col-sm-6 thegem-custom-69f2ab438d8218486\" ><div class=\"vc_column-inner thegem-custom-inner-69f2ab438d822 vc_custom_1698145355711\"><div class=\"wpb_wrapper thegem-custom-69f2ab438d8218486\"><h2 style=\"text-align: left\" class=\"vc_custom_heading vc_custom_1703774971026\" >Log\u00edstica<\/h2>\r\n\t\r\n\t\t<div class=\"wpb_text_column wpb_content_element  thegem-vc-text thegem-custom-69f2ab438dbcd448\"  >\r\n\t\t\t<div class=\"wpb_wrapper\">\r\n\t\t\t\t<p>Contamos con una <strong>flota moderna de contenedores y camiones especializados<\/strong>, respaldada por una log\u00edstica eficiente que impulsa la excelencia en la gesti\u00f3n de residuos.<\/p>\n<p>Desde contenedores adaptados para diversas necesidades hasta camiones de \u00faltima generaci\u00f3n, nuestra infraestructura garantiza la <strong>ejecuci\u00f3n eficiente y sostenible<\/strong> de todos nuestros servicios, asegurando una gesti\u00f3n integral desde la recogida hasta el destino final en nuestras plantas de tratamiento.<\/p>\n\r\n\t\t\t<\/div>\r\n\t\t\t<style>@media screen and (max-width: 1023px) {.thegem-vc-text.thegem-custom-69f2ab438dbcd448{display: block!important;}}@media screen and (max-width: 767px) {.thegem-vc-text.thegem-custom-69f2ab438dbcd448{display: block!important;}}@media screen and (max-width: 1023px) {.thegem-vc-text.thegem-custom-69f2ab438dbcd448{position: relative !important;}}@media screen and (max-width: 767px) {.thegem-vc-text.thegem-custom-69f2ab438dbcd448{position: relative !important;}}<\/style>\r\n\t\t<\/div>\r\n\t\r\n<\/div><\/div><\/div><div class=\"wpb_column vc_column_container vc_col-sm-6 thegem-custom-69f2ab438dde08076\" ><div class=\"vc_column-inner thegem-custom-inner-69f2ab438dde2 vc_custom_1698145348014\"><div class=\"wpb_wrapper thegem-custom-69f2ab438dde08076\"><style type=\"text\/css\">.thegem-button-69f2ab438df093118 .gem-button {opacity:0}<\/style><style type=\"text\/css\">.thegem-button-69f2ab438df093118 .gem-button svg {fill: #ffffff;}.thegem-button-69f2ab438df093118 .gem-button:hover svg {fill: #00612e;}<\/style><div class=\"gem-button-container gem-button-position-inline thegem-button-69f2ab438df093118     thegem-button-animate thegem-button-animation-fade-up\"  ><a class=\"gem-button gem-button-size-large gem-button-style-flat gem-button-text-weight-normal\" style=\"border-radius: 3px;background-color: #00612e;color: #ffffff;\" onmouseleave=\"this.style.backgroundColor='#00612e';this.style.color='#ffffff';\" onmouseenter=\"this.style.backgroundColor='#ffffff';this.style.color='#00612e';\" href=\"https:\/\/trans-sabater.com\/wp-content\/uploads\/2023\/12\/CONTENEDORES-TRANSSABATER.pdf\" target=\"_blank\">DESCARGAR PDF CONTENEDORES<\/a><\/div> <\/div><\/div><\/div><\/div><div class=\"vc_row-full-width vc_clearfix\"><\/div><div class=\"vc_row-full-width-before\"><\/div><div id=\"vc_row-69f2ab438e137\" data-vc-full-width=\"true\" data-vc-full-width-init=\"false\" class=\"vc_row wpb_row vc_row-fluid vc_custom_1698222813972 thegem-custom-69f2ab438e12d8029\"><script type=\"text\/javascript\">if (typeof(gem_fix_fullwidth_position) == \"function\") { gem_fix_fullwidth_position(document.getElementById(\"vc_row-69f2ab438e137\")); }<\/script><style>@media screen and (max-width: 767px) {.thegem-custom-69f2ab438e12d8029.wpb_row {display: none;}}<\/style><div class=\"wpb_column vc_column_container vc_col-sm-12 thegem-custom-69f2ab438e3302704\" ><div class=\"vc_column-inner thegem-custom-inner-69f2ab438e331 \"><div class=\"wpb_wrapper thegem-custom-69f2ab438e3302704\"><div class=\"vc_empty_space\"   style=\"height: 62px\"><span class=\"vc_empty_space_inner\"><\/span><\/div><\/div><\/div><\/div><\/div><div class=\"vc_row-full-width vc_clearfix\"><\/div>\n<\/div>","protected":false},"excerpt":{"rendered":"","protected":false},"author":1,"featured_media":0,"parent":0,"menu_order":0,"comment_status":"closed","ping_status":"closed","template":"","meta":{"footnotes":""},"yoast_head":"<!-- This site is optimized with the Yoast SEO plugin v22.0 - https:\/\/yoast.com\/wordpress\/plugins\/seo\/ -->\n<title>SERVICIOS - Trans Sabater<\/title>\n<meta name=\"description\" content=\"En Trans Sabater ofrecemos servicios desde la recogida hasta la valorizaci\u00f3n, combinando responsabilidad ambiental con excelencia operativa.\" \/>\n<meta name=\"robots\" content=\"index, follow, max-snippet:-1, max-image-preview:large, max-video-preview:-1\" \/>\n<link rel=\"canonical\" href=\"https:\/\/trans-sabater.com\/es_es\/servicios\/\" \/>\n<meta property=\"og:locale\" content=\"es_ES\" \/>\n<meta property=\"og:type\" content=\"article\" \/>\n<meta property=\"og:title\" content=\"SERVICIOS - Trans Sabater\" \/>\n<meta property=\"og:description\" content=\"En Trans Sabater ofrecemos servicios desde la recogida hasta la valorizaci\u00f3n, combinando responsabilidad ambiental con excelencia operativa.\" \/>\n<meta property=\"og:url\" content=\"https:\/\/trans-sabater.com\/es_es\/servicios\/\" \/>\n<meta property=\"og:site_name\" content=\"Trans Sabater\" \/>\n<meta property=\"article:modified_time\" content=\"2024-02-28T10:33:37+00:00\" \/>\n<meta name=\"twitter:card\" content=\"summary_large_image\" \/>\n<meta name=\"twitter:label1\" content=\"Tiempo de lectura\" \/>\n\t<meta name=\"twitter:data1\" content=\"2 minutos\" \/>\n<script type=\"application\/ld+json\" class=\"yoast-schema-graph\">{\"@context\":\"https:\/\/schema.org\",\"@graph\":[{\"@type\":\"WebPage\",\"@id\":\"https:\/\/trans-sabater.com\/servicios\/\",\"url\":\"https:\/\/trans-sabater.com\/servicios\/\",\"name\":\"SERVICIOS - Trans Sabater\",\"isPartOf\":{\"@id\":\"https:\/\/trans-sabater.com\/#website\"},\"datePublished\":\"2023-10-25T08:24:21+00:00\",\"dateModified\":\"2024-02-28T10:33:37+00:00\",\"description\":\"En Trans Sabater ofrecemos servicios desde la recogida hasta la valorizaci\u00f3n, combinando responsabilidad ambiental con excelencia operativa.\",\"inLanguage\":\"es\",\"potentialAction\":[{\"@type\":\"ReadAction\",\"target\":[\"https:\/\/trans-sabater.com\/servicios\/\"]}]},{\"@type\":\"WebSite\",\"@id\":\"https:\/\/trans-sabater.com\/#website\",\"url\":\"https:\/\/trans-sabater.com\/\",\"name\":\"Trans Sabater\",\"description\":\"Trans Sabater\",\"publisher\":{\"@id\":\"https:\/\/trans-sabater.com\/#organization\"},\"potentialAction\":[{\"@type\":\"SearchAction\",\"target\":{\"@type\":\"EntryPoint\",\"urlTemplate\":\"https:\/\/trans-sabater.com\/?s={search_term_string}\"},\"query-input\":\"required name=search_term_string\"}],\"inLanguage\":\"es\"},{\"@type\":\"Organization\",\"@id\":\"https:\/\/trans-sabater.com\/#organization\",\"name\":\"Trans Sabater\",\"url\":\"https:\/\/trans-sabater.com\/\",\"logo\":{\"@type\":\"ImageObject\",\"inLanguage\":\"es\",\"@id\":\"https:\/\/trans-sabater.com\/#\/schema\/logo\/image\/\",\"url\":\"https:\/\/trans-sabater.com\/wp-content\/uploads\/2023\/10\/logo-1.jpg\",\"contentUrl\":\"https:\/\/trans-sabater.com\/wp-content\/uploads\/2023\/10\/logo-1.jpg\",\"width\":600,\"height\":343,\"caption\":\"Trans Sabater\"},\"image\":{\"@id\":\"https:\/\/trans-sabater.com\/#\/schema\/logo\/image\/\"}}]}<\/script>\n<!-- \/ Yoast SEO plugin. -->","yoast_head_json":{"title":"SERVICIOS - Trans Sabater","description":"En Trans Sabater ofrecemos servicios desde la recogida hasta la valorizaci\u00f3n, combinando responsabilidad ambiental con excelencia operativa.","robots":{"index":"index","follow":"follow","max-snippet":"max-snippet:-1","max-image-preview":"max-image-preview:large","max-video-preview":"max-video-preview:-1"},"canonical":"https:\/\/trans-sabater.com\/es_es\/servicios\/","og_locale":"es_ES","og_type":"article","og_title":"SERVICIOS - Trans Sabater","og_description":"En Trans Sabater ofrecemos servicios desde la recogida hasta la valorizaci\u00f3n, combinando responsabilidad ambiental con excelencia operativa.","og_url":"https:\/\/trans-sabater.com\/es_es\/servicios\/","og_site_name":"Trans Sabater","article_modified_time":"2024-02-28T10:33:37+00:00","twitter_card":"summary_large_image","twitter_misc":{"Tiempo de lectura":"2 minutos"},"schema":{"@context":"https:\/\/schema.org","@graph":[{"@type":"WebPage","@id":"https:\/\/trans-sabater.com\/servicios\/","url":"https:\/\/trans-sabater.com\/servicios\/","name":"SERVICIOS - Trans Sabater","isPartOf":{"@id":"https:\/\/trans-sabater.com\/#website"},"datePublished":"2023-10-25T08:24:21+00:00","dateModified":"2024-02-28T10:33:37+00:00","description":"En Trans Sabater ofrecemos servicios desde la recogida hasta la valorizaci\u00f3n, combinando responsabilidad ambiental con excelencia operativa.","inLanguage":"es","potentialAction":[{"@type":"ReadAction","target":["https:\/\/trans-sabater.com\/servicios\/"]}]},{"@type":"WebSite","@id":"https:\/\/trans-sabater.com\/#website","url":"https:\/\/trans-sabater.com\/","name":"Trans Sabater","description":"Trans Sabater","publisher":{"@id":"https:\/\/trans-sabater.com\/#organization"},"potentialAction":[{"@type":"SearchAction","target":{"@type":"EntryPoint","urlTemplate":"https:\/\/trans-sabater.com\/?s={search_term_string}"},"query-input":"required name=search_term_string"}],"inLanguage":"es"},{"@type":"Organization","@id":"https:\/\/trans-sabater.com\/#organization","name":"Trans Sabater","url":"https:\/\/trans-sabater.com\/","logo":{"@type":"ImageObject","inLanguage":"es","@id":"https:\/\/trans-sabater.com\/#\/schema\/logo\/image\/","url":"https:\/\/trans-sabater.com\/wp-content\/uploads\/2023\/10\/logo-1.jpg","contentUrl":"https:\/\/trans-sabater.com\/wp-content\/uploads\/2023\/10\/logo-1.jpg","width":600,"height":343,"caption":"Trans Sabater"},"image":{"@id":"https:\/\/trans-sabater.com\/#\/schema\/logo\/image\/"}}]}},"_links":{"self":[{"href":"https:\/\/trans-sabater.com\/es_es\/wp-json\/wp\/v2\/pages\/25973"}],"collection":[{"href":"https:\/\/trans-sabater.com\/es_es\/wp-json\/wp\/v2\/pages"}],"about":[{"href":"https:\/\/trans-sabater.com\/es_es\/wp-json\/wp\/v2\/types\/page"}],"author":[{"embeddable":true,"href":"https:\/\/trans-sabater.com\/es_es\/wp-json\/wp\/v2\/users\/1"}],"replies":[{"embeddable":true,"href":"https:\/\/trans-sabater.com\/es_es\/wp-json\/wp\/v2\/comments?post=25973"}],"version-history":[{"count":62,"href":"https:\/\/trans-sabater.com\/es_es\/wp-json\/wp\/v2\/pages\/25973\/revisions"}],"predecessor-version":[{"id":26696,"href":"https:\/\/trans-sabater.com\/es_es\/wp-json\/wp\/v2\/pages\/25973\/revisions\/26696"}],"wp:attachment":[{"href":"https:\/\/trans-sabater.com\/es_es\/wp-json\/wp\/v2\/media?parent=25973"}],"curies":[{"name":"wp","href":"https:\/\/api.w.org\/{rel}","templated":true}]}}