{"id":26375,"date":"2023-12-13T17:53:40","date_gmt":"2023-12-13T17:53:40","guid":{"rendered":"https:\/\/trans-sabater.com\/?page_id=26375"},"modified":"2024-02-28T10:40:43","modified_gmt":"2024-02-28T10:40:43","slug":"empleo","status":"publish","type":"page","link":"https:\/\/trans-sabater.com\/es_es\/empleo\/","title":{"rendered":"EMPLEO"},"content":{"rendered":"<div class=\"wpb-content-wrapper\"><div class=\"vc_row-full-width-before\"><\/div><div id=\"vc_row-69ee2baeab616\" data-vc-full-width=\"true\" data-vc-full-width-init=\"false\" class=\"vc_row wpb_row vc_row-fluid vc_custom_1698222766790 thegem-custom-69ee2baeab5fc1133 vc_row-has-fill\"><script type=\"text\/javascript\">if (typeof(gem_fix_fullwidth_position) == \"function\") { gem_fix_fullwidth_position(document.getElementById(\"vc_row-69ee2baeab616\")); }<\/script><div class=\"wpb_column vc_column_container vc_col-sm-12 thegem-custom-69ee2baeab91d8225\" ><div class=\"vc_column-inner thegem-custom-inner-69ee2baeab91e \"><div class=\"wpb_wrapper thegem-custom-69ee2baeab91d8225\"><h2 style=\"font-size: 40px;line-height: 1;text-align: center\" class=\"vc_custom_heading vc_custom_1702492916303\" >Trabaja con nosotros<\/h2>\r\n\t\r\n\t\t<div class=\"wpb_text_column wpb_content_element  thegem-vc-text thegem-custom-69ee2baeac0a42433\"  >\r\n\t\t\t<div class=\"wpb_wrapper\">\r\n\t\t\t\t<p style=\"text-align: center;\">Buscamos personas comprometidas y proactivas para unirse a nuestro equipo y contribuir a nuestra misi\u00f3n de mejorar el medio ambiente, tal como lo hacemos desde 1986. Ofrecemos oportunidades para formar parte de un proyecto estable y en constante crecimiento.<\/p>\n<p style=\"text-align: center;\">\u00a1\u00danete a nosotros y forma parte de la transformaci\u00f3n hacia un futuro m\u00e1s sostenible!<\/p>\n\r\n\t\t\t<\/div>\r\n\t\t\t<style>@media screen and (max-width: 1023px) {.thegem-vc-text.thegem-custom-69ee2baeac0a42433{display: block!important;}}@media screen and (max-width: 767px) {.thegem-vc-text.thegem-custom-69ee2baeac0a42433{display: block!important;}}@media screen and (max-width: 1023px) {.thegem-vc-text.thegem-custom-69ee2baeac0a42433{position: relative !important;}}@media screen and (max-width: 767px) {.thegem-vc-text.thegem-custom-69ee2baeac0a42433{position: relative !important;}}<\/style>\r\n\t\t<\/div>\r\n\t\r\n<div class=\"vc_empty_space\"   style=\"height: 12px\"><span class=\"vc_empty_space_inner\"><\/span><\/div><\/div><\/div><\/div><\/div><div class=\"vc_row-full-width vc_clearfix\"><\/div><div class=\"vc_row-full-width-before\"><\/div><div id=\"vc_row-69ee2baeac7d3\" data-vc-full-width=\"true\" data-vc-full-width-init=\"false\" class=\"vc_row wpb_row vc_row-fluid vc_custom_1698222766790 thegem-custom-69ee2baeac7c81772 vc_row-has-fill\"><script type=\"text\/javascript\">if (typeof(gem_fix_fullwidth_position) == \"function\") { gem_fix_fullwidth_position(document.getElementById(\"vc_row-69ee2baeac7d3\")); }<\/script><div class=\"wpb_column vc_column_container vc_col-sm-6 thegem-custom-69ee2baeaca0c9868\" ><div class=\"vc_column-inner thegem-custom-inner-69ee2baeaca0d \"><div class=\"wpb_wrapper thegem-custom-69ee2baeaca0c9868\">\r\n\t\r\n\t\t<div class=\"wpb_text_column wpb_content_element  thegem-vc-text thegem-custom-69ee2baeacc296438\"  >\r\n\t\t\t<div class=\"wpb_wrapper\">\r\n\t\t\t\t<h3>Ofertas vigentes<\/h3>\n\r\n\t\t\t<\/div>\r\n\t\t\t<style>@media screen and (max-width: 1023px) {.thegem-vc-text.thegem-custom-69ee2baeacc296438{display: block!important;}}@media screen and (max-width: 767px) {.thegem-vc-text.thegem-custom-69ee2baeacc296438{display: block!important;}}@media screen and (max-width: 1023px) {.thegem-vc-text.thegem-custom-69ee2baeacc296438{position: relative !important;}}@media screen and (max-width: 767px) {.thegem-vc-text.thegem-custom-69ee2baeacc296438{position: relative !important;}}<\/style>\r\n\t\t<\/div>\r\n\t\r\n<style type=\"text\/css\">.thegem-button-69ee2baeacd132765 .gem-button {opacity:0}<\/style><style type=\"text\/css\">.thegem-button-69ee2baeacd132765 .gem-button svg {fill: #ffffff;}.thegem-button-69ee2baeacd132765 .gem-button:hover svg {fill: #00612e;}<\/style><div class=\"gem-button-container gem-button-position-inline thegem-button-69ee2baeacd132765     thegem-button-animate thegem-button-animation-fade-up\"  ><a class=\"gem-button gem-button-size-medium gem-button-style-flat gem-button-text-weight-normal\" style=\"border-radius: 3px;background-color: #00612e;color: #ffffff;\" onmouseleave=\"this.style.backgroundColor='#00612e';this.style.color='#ffffff';\" onmouseenter=\"this.style.backgroundColor='#ffffff';this.style.color='#00612e';\" href=\"https:\/\/trans-sabater.com\/wp-content\/uploads\/2024\/02\/Oficial-de-produccion.pdf\" target=\"_blank\">Oficial de Producci\u00f3n<\/a><\/div> <div class=\"clearboth\"><\/div><style>#thegem-divider-69ee2baeacd43 {margin-top: -15px !important;}#thegem-divider-69ee2baeacd43 {margin-bottom: -15px !important;}<\/style><div id=\"thegem-divider-69ee2baeacd43\" class=\"gem-divider  \" style=\"\" ><\/div><style type=\"text\/css\">.thegem-button-69ee2baeaceb48885 .gem-button {opacity:0}<\/style><style type=\"text\/css\">.thegem-button-69ee2baeaceb48885 .gem-button svg {fill: #ffffff;}.thegem-button-69ee2baeaceb48885 .gem-button:hover svg {fill: #00612e;}<\/style><div class=\"gem-button-container gem-button-position-inline thegem-button-69ee2baeaceb48885     thegem-button-animate thegem-button-animation-fade-up\"  ><a class=\"gem-button gem-button-size-medium gem-button-style-flat gem-button-text-weight-normal  gem-button-tablet-size-medium gem-button-mobile-size-medium\" style=\"border-radius: 3px;background-color: #00612e;color: #ffffff;\" onmouseleave=\"this.style.backgroundColor='#00612e';this.style.color='#ffffff';\" onmouseenter=\"this.style.backgroundColor='#ffffff';this.style.color='#00612e';\" href=\"https:\/\/trans-sabater.com\/wp-content\/uploads\/2024\/02\/Oferta-Chofer.pdf\" target=\"_blank\">Ch\u00f3fer<\/a><\/div> <\/div><\/div><\/div><div class=\"wpb_column vc_column_container vc_col-sm-6 thegem-custom-69ee2baead0bb557\" ><div class=\"vc_column-inner thegem-custom-inner-69ee2baead0bd \"><div class=\"wpb_wrapper thegem-custom-69ee2baead0bb557\"><h2 style=\"font-size: 40px;line-height: 1;text-align: left\" class=\"vc_custom_heading vc_custom_1702492373013\" >Env\u00edanos tu CV<\/h2>\n<div class=\"wpcf7 no-js\" id=\"wpcf7-f26379-o1\" lang=\"es-ES\" dir=\"ltr\">\n<div class=\"screen-reader-response\"><p role=\"status\" aria-live=\"polite\" aria-atomic=\"true\"><\/p> <ul><\/ul><\/div>\n<form action=\"\/es_es\/wp-json\/wp\/v2\/pages\/26375#wpcf7-f26379-o1\" method=\"post\" class=\"wpcf7-form init gem-contact-form-white\" aria-label=\"Formulario de contacto\" enctype=\"multipart\/form-data\" novalidate=\"novalidate\" data-status=\"init\">\n<div style=\"display: none;\">\n<input type=\"hidden\" name=\"_wpcf7\" value=\"26379\" \/>\n<input type=\"hidden\" name=\"_wpcf7_version\" value=\"5.7.7\" \/>\n<input type=\"hidden\" name=\"_wpcf7_locale\" value=\"es_ES\" \/>\n<input type=\"hidden\" name=\"_wpcf7_unit_tag\" value=\"wpcf7-f26379-o1\" \/>\n<input type=\"hidden\" name=\"_wpcf7_container_post\" value=\"0\" \/>\n<input type=\"hidden\" name=\"_wpcf7_posted_data_hash\" value=\"\" \/>\n<input type=\"hidden\" name=\"_wpcf7_recaptcha_response\" value=\"\" \/>\n<\/div>\n<div class=\"contact-form-style-2\">\n\n<p class=\"cf-style2-text\"><span class=\"wpcf7-form-control-wrap\" data-name=\"your-name\"><input size=\"40\" class=\"wpcf7-form-control wpcf7-text wpcf7-validates-as-required\" aria-required=\"true\" aria-invalid=\"false\" placeholder=\"Nombre*\" value=\"\" type=\"text\" name=\"your-name\" \/><\/span><\/p>\n\n<p class=\"cf-style2-phone\"><span class=\"wpcf7-form-control-wrap\" data-name=\"phone\"><input size=\"40\" class=\"wpcf7-form-control wpcf7-text wpcf7-tel wpcf7-validates-as-tel\" aria-invalid=\"false\" placeholder=\"Tel\u00e9fono\" value=\"\" type=\"tel\" name=\"phone\" \/><\/span><\/p>\n\n<p class=\"cf-style2-email\"><span class=\"wpcf7-form-control-wrap\" data-name=\"email\"><input size=\"40\" class=\"wpcf7-form-control wpcf7-text wpcf7-email wpcf7-validates-as-required wpcf7-validates-as-email\" aria-required=\"true\" aria-invalid=\"false\" placeholder=\"Email*\" value=\"\" type=\"email\" name=\"email\" \/><\/span><\/p>\n\n<p><h5><span style=\"letter-spacing: 0;\" class='light'> Adjuntar CV (solo archivos pdf)<\/span><\/h5><\/p>\n\n<\/p>\n\n<p class=\"cf-style2-textarea <span class=\"wpcf7-form-control-wrap\" data-name=\"file-511\"><input size=\"40\" class=\"wpcf7-form-control wpcf7-file wpcf7-validates-as-required\" accept=\".pdf\" aria-required=\"true\" aria-invalid=\"false\" type=\"file\" name=\"file-511\" \/><\/span>\n<\/p>\n\n<\/div>\n\n<span class=\"wpcf7-form-control-wrap\" data-name=\"acceptance-890\"><span class=\"wpcf7-form-control wpcf7-acceptance\"><span class=\"wpcf7-list-item\"><label><input type=\"checkbox\" name=\"acceptance-890\" value=\"1\" aria-invalid=\"false\" \/><span class=\"wpcf7-list-item-label\">He le\u00eddo y estoy de acuerdo con la <a href=\"https:\/\/trans-sabater.com\/politica-de-privacidad\/\"> pol\u00edtica de Privacidad<\/a>.<\/span><\/label><\/span><\/span><\/span>  \n\n<style type=\"text\/css\">.thegem-button-69ee2baead8e04741 .gem-button svg {fill: #FFFFFFFF;}.thegem-button-69ee2baead8e04741 .gem-button:hover svg {fill: #00612EFF;}<\/style><div class=\"gem-button-container gem-button-position-fullwidth thegem-button-69ee2baead8e04741\"  ><input class=\"gem-button gem-button-size-medium gem-button-style-flat gem-button-text-weight-normal wpcf7-form-control has-spinner wpcf7-submit gem-button-wpcf-custom\" data-ll-effect=\"drop-right-without-wrap\" style=\"border-radius: 0px;background-color: #00612EFF;color: #FFFFFFFF;\" onmouseleave=\"this.style.backgroundColor='#00612EFF';this.style.color='#FFFFFFFF';\" onmouseenter=\"this.style.backgroundColor='#FFFFFFFF';this.style.color='#00612EFF';\" id=\"\" tabindex=\"\" type=\"submit\" value=\"Enviar\" \/><\/div> <div class=\"wpcf7-response-output\" aria-hidden=\"true\"><\/div>\n<\/form>\n<\/div>\n<\/div><\/div><\/div><\/div><div class=\"vc_row-full-width vc_clearfix\"><\/div><div class=\"vc_row-full-width-before\"><\/div><div id=\"vc_row-69ee2baeade9d\" data-vc-full-width=\"true\" data-vc-full-width-init=\"false\" class=\"vc_row wpb_row vc_row-fluid wpb_animate_when_almost_visible wpb_fadeInUp fadeInUp vc_custom_1704910438461 thegem-custom-69ee2baeade906470 vc_row-has-fill\"><script type=\"text\/javascript\">if (typeof(gem_fix_fullwidth_position) == \"function\") { gem_fix_fullwidth_position(document.getElementById(\"vc_row-69ee2baeade9d\")); }<\/script><div class=\"wpb_column vc_column_container vc_col-sm-6 thegem-custom-69ee2baeae0c3165\" ><div class=\"vc_column-inner thegem-custom-inner-69ee2baeae0c5 vc_custom_1698145355711\"><div class=\"wpb_wrapper thegem-custom-69ee2baeae0c3165\"><\/div><\/div><\/div><div class=\"wpb_column vc_column_container vc_col-sm-6 thegem-custom-69ee2baeae2925640\" ><div class=\"vc_column-inner thegem-custom-inner-69ee2baeae293 vc_custom_1698145348014\"><div class=\"wpb_wrapper thegem-custom-69ee2baeae2925640\"><\/div><\/div><\/div><\/div><div class=\"vc_row-full-width vc_clearfix\"><\/div>\n<\/div>","protected":false},"excerpt":{"rendered":"","protected":false},"author":1,"featured_media":0,"parent":0,"menu_order":0,"comment_status":"closed","ping_status":"closed","template":"","meta":{"footnotes":""},"yoast_head":"<!-- This site is optimized with the Yoast SEO plugin v22.0 - https:\/\/yoast.com\/wordpress\/plugins\/seo\/ -->\n<title>EMPLEO - Trans Sabater<\/title>\n<meta name=\"description\" content=\"\u00danete al equipo de Trans-Sabater: buscamos talento comprometido para avanzar juntos hacia la sostenibilidad\" \/>\n<meta name=\"robots\" content=\"index, follow, max-snippet:-1, max-image-preview:large, max-video-preview:-1\" \/>\n<link rel=\"canonical\" href=\"https:\/\/trans-sabater.com\/es_es\/empleo\/\" \/>\n<meta property=\"og:locale\" content=\"es_ES\" \/>\n<meta property=\"og:type\" content=\"article\" \/>\n<meta property=\"og:title\" content=\"EMPLEO - Trans Sabater\" \/>\n<meta property=\"og:description\" content=\"\u00danete al equipo de Trans-Sabater: buscamos talento comprometido para avanzar juntos hacia la sostenibilidad\" \/>\n<meta property=\"og:url\" content=\"https:\/\/trans-sabater.com\/es_es\/empleo\/\" \/>\n<meta property=\"og:site_name\" content=\"Trans Sabater\" \/>\n<meta property=\"article:modified_time\" content=\"2024-02-28T10:40:43+00:00\" \/>\n<meta name=\"twitter:card\" content=\"summary_large_image\" \/>\n<meta name=\"twitter:label1\" content=\"Tiempo de lectura\" \/>\n\t<meta name=\"twitter:data1\" content=\"2 minutos\" \/>\n<script type=\"application\/ld+json\" class=\"yoast-schema-graph\">{\"@context\":\"https:\/\/schema.org\",\"@graph\":[{\"@type\":\"WebPage\",\"@id\":\"https:\/\/trans-sabater.com\/empleo\/\",\"url\":\"https:\/\/trans-sabater.com\/empleo\/\",\"name\":\"EMPLEO - Trans Sabater\",\"isPartOf\":{\"@id\":\"https:\/\/trans-sabater.com\/#website\"},\"datePublished\":\"2023-12-13T17:53:40+00:00\",\"dateModified\":\"2024-02-28T10:40:43+00:00\",\"description\":\"\u00danete al equipo de Trans-Sabater: buscamos talento comprometido para avanzar juntos hacia la sostenibilidad\",\"inLanguage\":\"es\",\"potentialAction\":[{\"@type\":\"ReadAction\",\"target\":[\"https:\/\/trans-sabater.com\/empleo\/\"]}]},{\"@type\":\"WebSite\",\"@id\":\"https:\/\/trans-sabater.com\/#website\",\"url\":\"https:\/\/trans-sabater.com\/\",\"name\":\"Trans Sabater\",\"description\":\"Trans Sabater\",\"publisher\":{\"@id\":\"https:\/\/trans-sabater.com\/#organization\"},\"potentialAction\":[{\"@type\":\"SearchAction\",\"target\":{\"@type\":\"EntryPoint\",\"urlTemplate\":\"https:\/\/trans-sabater.com\/?s={search_term_string}\"},\"query-input\":\"required name=search_term_string\"}],\"inLanguage\":\"es\"},{\"@type\":\"Organization\",\"@id\":\"https:\/\/trans-sabater.com\/#organization\",\"name\":\"Trans Sabater\",\"url\":\"https:\/\/trans-sabater.com\/\",\"logo\":{\"@type\":\"ImageObject\",\"inLanguage\":\"es\",\"@id\":\"https:\/\/trans-sabater.com\/#\/schema\/logo\/image\/\",\"url\":\"https:\/\/trans-sabater.com\/wp-content\/uploads\/2023\/10\/logo-1.jpg\",\"contentUrl\":\"https:\/\/trans-sabater.com\/wp-content\/uploads\/2023\/10\/logo-1.jpg\",\"width\":600,\"height\":343,\"caption\":\"Trans Sabater\"},\"image\":{\"@id\":\"https:\/\/trans-sabater.com\/#\/schema\/logo\/image\/\"}}]}<\/script>\n<!-- \/ Yoast SEO plugin. -->","yoast_head_json":{"title":"EMPLEO - Trans Sabater","description":"\u00danete al equipo de Trans-Sabater: buscamos talento comprometido para avanzar juntos hacia la sostenibilidad","robots":{"index":"index","follow":"follow","max-snippet":"max-snippet:-1","max-image-preview":"max-image-preview:large","max-video-preview":"max-video-preview:-1"},"canonical":"https:\/\/trans-sabater.com\/es_es\/empleo\/","og_locale":"es_ES","og_type":"article","og_title":"EMPLEO - Trans Sabater","og_description":"\u00danete al equipo de Trans-Sabater: buscamos talento comprometido para avanzar juntos hacia la sostenibilidad","og_url":"https:\/\/trans-sabater.com\/es_es\/empleo\/","og_site_name":"Trans Sabater","article_modified_time":"2024-02-28T10:40:43+00:00","twitter_card":"summary_large_image","twitter_misc":{"Tiempo de lectura":"2 minutos"},"schema":{"@context":"https:\/\/schema.org","@graph":[{"@type":"WebPage","@id":"https:\/\/trans-sabater.com\/empleo\/","url":"https:\/\/trans-sabater.com\/empleo\/","name":"EMPLEO - Trans Sabater","isPartOf":{"@id":"https:\/\/trans-sabater.com\/#website"},"datePublished":"2023-12-13T17:53:40+00:00","dateModified":"2024-02-28T10:40:43+00:00","description":"\u00danete al equipo de Trans-Sabater: buscamos talento comprometido para avanzar juntos hacia la sostenibilidad","inLanguage":"es","potentialAction":[{"@type":"ReadAction","target":["https:\/\/trans-sabater.com\/empleo\/"]}]},{"@type":"WebSite","@id":"https:\/\/trans-sabater.com\/#website","url":"https:\/\/trans-sabater.com\/","name":"Trans Sabater","description":"Trans Sabater","publisher":{"@id":"https:\/\/trans-sabater.com\/#organization"},"potentialAction":[{"@type":"SearchAction","target":{"@type":"EntryPoint","urlTemplate":"https:\/\/trans-sabater.com\/?s={search_term_string}"},"query-input":"required name=search_term_string"}],"inLanguage":"es"},{"@type":"Organization","@id":"https:\/\/trans-sabater.com\/#organization","name":"Trans Sabater","url":"https:\/\/trans-sabater.com\/","logo":{"@type":"ImageObject","inLanguage":"es","@id":"https:\/\/trans-sabater.com\/#\/schema\/logo\/image\/","url":"https:\/\/trans-sabater.com\/wp-content\/uploads\/2023\/10\/logo-1.jpg","contentUrl":"https:\/\/trans-sabater.com\/wp-content\/uploads\/2023\/10\/logo-1.jpg","width":600,"height":343,"caption":"Trans Sabater"},"image":{"@id":"https:\/\/trans-sabater.com\/#\/schema\/logo\/image\/"}}]}},"_links":{"self":[{"href":"https:\/\/trans-sabater.com\/es_es\/wp-json\/wp\/v2\/pages\/26375"}],"collection":[{"href":"https:\/\/trans-sabater.com\/es_es\/wp-json\/wp\/v2\/pages"}],"about":[{"href":"https:\/\/trans-sabater.com\/es_es\/wp-json\/wp\/v2\/types\/page"}],"author":[{"embeddable":true,"href":"https:\/\/trans-sabater.com\/es_es\/wp-json\/wp\/v2\/users\/1"}],"replies":[{"embeddable":true,"href":"https:\/\/trans-sabater.com\/es_es\/wp-json\/wp\/v2\/comments?post=26375"}],"version-history":[{"count":49,"href":"https:\/\/trans-sabater.com\/es_es\/wp-json\/wp\/v2\/pages\/26375\/revisions"}],"predecessor-version":[{"id":26683,"href":"https:\/\/trans-sabater.com\/es_es\/wp-json\/wp\/v2\/pages\/26375\/revisions\/26683"}],"wp:attachment":[{"href":"https:\/\/trans-sabater.com\/es_es\/wp-json\/wp\/v2\/media?parent=26375"}],"curies":[{"name":"wp","href":"https:\/\/api.w.org\/{rel}","templated":true}]}}