{"id":26625,"date":"2024-01-12T11:43:45","date_gmt":"2024-01-12T11:43:45","guid":{"rendered":"https:\/\/trans-sabater.com\/?page_id=26625"},"modified":"2024-03-27T14:50:29","modified_gmt":"2024-03-27T14:50:29","slug":"poitica-de-cookies","status":"publish","type":"page","link":"https:\/\/trans-sabater.com\/es_es\/poitica-de-cookies\/","title":{"rendered":"Pol\u00edtica de cookies"},"content":{"rendered":"<div class=\"wpb-content-wrapper\"><div id=\"vc_row-69e14123930e7\" class=\"vc_row wpb_row vc_row-fluid thegem-custom-69e14123930bc1401\"><style>@media screen and (max-width: 767px) {.thegem-custom-69e14123930bc1401.wpb_row {display: none;}}<\/style><div class=\"wpb_column vc_column_container vc_col-sm-12 thegem-custom-69e141239363b1231\" ><div class=\"vc_column-inner thegem-custom-inner-69e141239363c \"><div class=\"wpb_wrapper thegem-custom-69e141239363b1231\"><div class=\"vc_empty_space\"   style=\"height: 52px\"><span class=\"vc_empty_space_inner\"><\/span><\/div><\/div><\/div><\/div><\/div><div id=\"vc_row-69e1412393d3e\" class=\"vc_row wpb_row vc_row-fluid thegem-custom-69e1412393d379777\"><div class=\"wpb_column vc_column_container vc_col-sm-2 thegem-custom-69e14123940046267\" ><div class=\"vc_column-inner thegem-custom-inner-69e1412394006 \"><div class=\"wpb_wrapper thegem-custom-69e14123940046267\"><\/div><\/div><\/div><div class=\"wpb_column vc_column_container vc_col-sm-8 thegem-custom-69e14123941e19704\" ><div class=\"vc_column-inner thegem-custom-inner-69e14123941e2 \"><div class=\"wpb_wrapper thegem-custom-69e14123941e19704\">\r\n\t\r\n\t\t<div class=\"wpb_text_column wpb_content_element  thegem-vc-text thegem-custom-69e14123946845095\"  >\r\n\t\t\t<div class=\"wpb_wrapper\">\r\n\t\t\t\t<h1>Pol\u00edtica de cookies<\/h1>\n<div class=\"cli_pg_page_contaner\">\n<h3>Acerca de la pol\u00edtica de cookies<\/h3>\n<div>\n<p>Esta Pol\u00edtica de cookies explica qu\u00e9 son las cookies y c\u00f3mo las usamos, los tipos de cookies que usamos, es decir, la informaci\u00f3n que recopilamos usando cookies y c\u00f3mo se usa esa informaci\u00f3n, y c\u00f3mo controlar las preferencias de cookies. Para obtener m\u00e1s informaci\u00f3n sobre c\u00f3mo usamos, almacenamos y mantenemos seguros sus datos personales, consulte nuestra Pol\u00edtica de privacidad.<\/p>\n<p>En cualquier momento puede cambiar o retirar su consentimiento de la Declaraci\u00f3n de cookies en nuestro sitio web.<\/p>\n<p>Obtenga m\u00e1s informaci\u00f3n sobre qui\u00e9nes somos, c\u00f3mo puede comunicarse con nosotros y c\u00f3mo procesamos los datos personales en nuestra Pol\u00edtica de privacidad.<\/p>\n<p>Su consentimiento se aplica a los siguientes dominios: transsabater.com<\/p>\n<p>&nbsp;<\/p>\n<\/div>\n<h3>\u00bfQu\u00e9 son las cookies ?<\/h3>\n<div>Las cookies son peque\u00f1os archivos de texto que se utilizan para almacenar peque\u00f1os fragmentos de informaci\u00f3n. Se almacenan en su dispositivo cuando el sitio web se carga en su navegador. Estas cookies nos ayudan a hacer que el sitio web funcione correctamente, hacerlo m\u00e1s seguro, brindar una mejor experiencia al usuario y comprender c\u00f3mo funciona el sitio web y analizar qu\u00e9 funciona y d\u00f3nde necesita mejorar.<\/div>\n<h3><\/h3>\n<h3>\u00bfC\u00f3mo usamos las cookies?<\/h3>\n<div>\n<p>Como la mayor\u00eda de los servicios en l\u00ednea, nuestro sitio web utiliza cookies propias y de terceros para varios prop\u00f3sitos. Las cookies de origen son principalmente necesarias para que el sitio web funcione correctamente y no recopilan ninguno de sus datos de identificaci\u00f3n personal.<\/p>\n<p>Las cookies de terceros utilizadas en nuestro sitio web son principalmente para comprender c\u00f3mo funciona el sitio web, c\u00f3mo interact\u00faa con nuestro sitio web, mantener nuestros servicios seguros, proporcionar anuncios que sean relevantes para usted y, en general, brindarle un usuario mejor y mejorado. experiencia y ayudar a acelerar sus interacciones futuras con nuestro sitio web.<\/p>\n<\/div>\n<h3>\u00bfQu\u00e9 tipo de cookies usamos?<\/h3>\n<div>\n<p>Esencial: algunas cookies son esenciales para que pueda experimentar la funcionalidad completa de nuestro sitio. Nos permiten mantener las sesiones de los usuarios y prevenir cualquier amenaza a la seguridad. No recopilan ni almacenan ninguna informaci\u00f3n personal. Por ejemplo, estas cookies le permiten iniciar sesi\u00f3n en su cuenta, agregar productos a su carrito y realizar el pago de forma segura.<\/p>\n<p>Estad\u00edsticas: estas cookies almacenan informaci\u00f3n como el n\u00famero de visitantes al sitio web, el n\u00famero de visitantes \u00fanicos, las p\u00e1ginas del sitio web que se han visitado, la fuente de la visita, etc. Estos datos nos ayudan a comprender y analizar el rendimiento del sitio web. y donde necesita mejorar.<\/p>\n<p>Marketing: nuestro sitio web muestra anuncios. Estas cookies se utilizan para personalizar los anuncios que le mostramos para que sean significativos para usted. Estas cookies tambi\u00e9n nos ayudan a realizar un seguimiento de la eficiencia de estas campa\u00f1as publicitarias.<br \/>\nLa informaci\u00f3n almacenada en estas cookies tambi\u00e9n puede ser utilizada por proveedores de publicidad de terceros para mostrarle anuncios en otros sitios web en el navegador.<\/p>\n<p>Funcionales: Son las cookies que ayudan a determinadas funcionalidades no esenciales de nuestro sitio web. Estas funcionalidades incluyen incrustar contenido como videos o compartir contenido del sitio web en plataformas de redes sociales.<\/p>\n<p>Preferencias: estas cookies nos ayudan a almacenar su configuraci\u00f3n y preferencias de navegaci\u00f3n, como las preferencias de idioma, para que tenga una experiencia mejor y m\u00e1s eficiente en futuras visitas al sitio web.<br \/>\n[cookie_audit columns=\u00bbcookie,description\u00bb heading=\u00bbThe below list details the cookies used in our website.\u00bb]<\/p>\n<\/div>\n<h3>\u00bfC\u00f3mo puedo controlar las preferencias de cookies?<\/h3>\n<div>Si decide cambiar sus preferencias m\u00e1s adelante a trav\u00e9s de su sesi\u00f3n de navegaci\u00f3n, puede hacer clic en la pesta\u00f1a \u00abPol\u00edtica de privacidad y cookies\u00bb en su pantalla. Esto mostrar\u00e1 el aviso de consentimiento nuevamente, lo que le permitir\u00e1 cambiar sus preferencias o retirar su consentimiento por completo.<br \/>\nAdem\u00e1s de esto, diferentes navegadores proporcionan diferentes m\u00e9todos para bloquear y eliminar las cookies utilizadas por los sitios web. Puede cambiar la configuraci\u00f3n de su navegador para bloquear \/ eliminar las cookies. Para obtener m\u00e1s informaci\u00f3n sobre c\u00f3mo administrar y eliminar cookies, visite wikipedia.org, www.allaboutcookies.org.<\/div>\n<\/div>\n<div><\/div>\n<div>\n<h3>Tipolog\u00eda, finalidad y funcionamiento de las Cookies en transsabater.com<\/h3>\n<table class=\"tg\">\n<tbody>\n<tr>\n<td class=\"tg-031e\" width=\"99\"><strong>Dominio<\/strong><\/td>\n<td class=\"tg-031e\" width=\"89\"><strong>Cookie<\/strong><\/td>\n<td class=\"tg-031e\" width=\"187\"><strong>Finalidad<\/strong><\/td>\n<td class=\"tg-031e\" width=\"78\"><strong>Vencimiento<\/strong><\/td>\n<td class=\"tg-031e\" width=\"138\"><strong>M\u00e1s informaci\u00f3n<\/strong><\/td>\n<\/tr>\n<tr>\n<td rowspan=\"4\" width=\"99\">Google Analytics<\/td>\n<td class=\"tg-031e\" width=\"89\"><strong>__utma<\/strong><\/td>\n<td class=\"tg-031e\" width=\"187\">Recopila informaci\u00f3n relativa al n\u00famero de veces que un usuario ha estado en el sitio, cuando ha sido su primera visita y cuando se produjo su \u00faltima visita. Utilizado por Google Analytics.<\/td>\n<td class=\"tg-031e\" width=\"78\">2 a\u00f1os<\/td>\n<td class=\"tg-031e\" width=\"138\"><u><a href=\"https:\/\/policies.google.com\/?hl=es\" data-saferedirecturl=\"https:\/\/policies.google.com\/?hl=es\">Centro de Privacidad de Google<\/a><\/u><\/td>\n<\/tr>\n<tr>\n<td class=\"tg-031e\" width=\"89\"><strong>__utmb<\/strong><\/td>\n<td class=\"tg-031e\" width=\"187\">Recopila fecha y momento exacto que entra el usuario a la web, para conocer el tiempo que ha estado un visitante en el sitio. Utilizado por Google Analytics para calcular el tiempo que tarda una visita en el sitio web.<\/td>\n<td class=\"tg-031e\" width=\"78\">30 minutos<\/td>\n<td class=\"tg-031e\" width=\"138\"><\/td>\n<\/tr>\n<tr>\n<td class=\"tg-031e\" width=\"89\"><strong>__utmc<\/strong><\/td>\n<td class=\"tg-031e\" width=\"187\">Recopila fecha y momento exacto que entra el usuario a la web, para conocer el tiempo que ha estado un visitante en el sitio. Utilizado por Google Analytics para calcular el tiempo que tarda una visita en el sitio web.<\/td>\n<td class=\"tg-031e\" width=\"78\">Cuando el explorador es cerrado<\/td>\n<td class=\"tg-031e\" width=\"138\"><u><a href=\"https:\/\/support.google.com\/analytics\/answer\/181881?hl=es\" data-saferedirecturl=\"https:\/\/www.google.com\/url?hl=es&amp;q=https:\/\/support.google.com\/analytics\/answer\/181881?hl%3Des&amp;source=gmail&amp;ust=1496905768754000&amp;usg=AFQjCNFLG83U1WjD58GrDbMgjChmPc1lDw\">Complemento de inhabilitaci\u00f3n de Google Analytics<\/a><\/u><\/td>\n<\/tr>\n<tr>\n<td class=\"tg-031e\" width=\"89\"><strong>__utmz<\/strong><\/td>\n<td class=\"tg-031e\" width=\"187\">Recopila informaci\u00f3n relativa al lugar desde donde proviene el visitante, t\u00e9rminos que uso en el motorde b\u00fasqueda, donde realizo clicks y desde que parte del mundo accedi\u00f3. Utilizado por Google Analytics.<\/td>\n<td class=\"tg-031e\" width=\"78\">6 meses<\/td>\n<td class=\"tg-031e\" width=\"138\"><\/td>\n<\/tr>\n<tr>\n<td rowspan=\"9\" width=\"99\"><\/td>\n<td class=\"tg-031e\" width=\"89\"><\/td>\n<td rowspan=\"9\" width=\"187\"><\/td>\n<td class=\"tg-031e\" width=\"78\"><\/td>\n<td class=\"tg-031e\" width=\"138\"><\/td>\n<\/tr>\n<tr>\n<td class=\"tg-031e\" width=\"89\"><\/td>\n<td class=\"tg-031e\" width=\"78\"><\/td>\n<td class=\"tg-031e\" width=\"138\"><\/td>\n<\/tr>\n<tr>\n<td class=\"tg-031e\" width=\"89\"><\/td>\n<td class=\"tg-031e\" width=\"78\"><\/td>\n<td class=\"tg-031e\" width=\"138\"><\/td>\n<\/tr>\n<tr>\n<td class=\"tg-031e\" width=\"89\"><\/td>\n<td class=\"tg-031e\" width=\"78\"><\/td>\n<td class=\"tg-031e\" width=\"138\"><\/td>\n<\/tr>\n<tr>\n<td class=\"tg-031e\" width=\"89\"><\/td>\n<td class=\"tg-031e\" width=\"78\"><\/td>\n<td class=\"tg-031e\" width=\"138\"><\/td>\n<\/tr>\n<tr>\n<td class=\"tg-031e\" width=\"89\"><\/td>\n<td class=\"tg-031e\" width=\"78\"><\/td>\n<td class=\"tg-031e\" width=\"138\"><\/td>\n<\/tr>\n<tr>\n<td class=\"tg-031e\" width=\"89\"><\/td>\n<td class=\"tg-031e\" width=\"78\"><\/td>\n<td class=\"tg-031e\" width=\"138\"><\/td>\n<\/tr>\n<tr>\n<td class=\"tg-031e\" width=\"89\"><\/td>\n<td class=\"tg-031e\" width=\"78\"><\/td>\n<td class=\"tg-031e\" width=\"138\"><\/td>\n<\/tr>\n<tr>\n<td class=\"tg-031e\" width=\"89\"><\/td>\n<td class=\"tg-031e\" width=\"78\"><\/td>\n<td class=\"tg-031e\" width=\"138\"><\/td>\n<\/tr>\n<tr>\n<td rowspan=\"4\" width=\"99\"><\/td>\n<td class=\"tg-031e\" width=\"89\"><\/td>\n<td rowspan=\"4\" width=\"187\"><\/td>\n<td class=\"tg-031e\" width=\"78\"><\/td>\n<td rowspan=\"4\" width=\"138\"><\/td>\n<\/tr>\n<tr>\n<td class=\"tg-031e\" width=\"89\"><\/td>\n<td class=\"tg-031e\" width=\"78\"><\/td>\n<\/tr>\n<tr>\n<td class=\"tg-031e\" width=\"89\"><\/td>\n<td class=\"tg-031e\" width=\"78\"><\/td>\n<\/tr>\n<tr>\n<td class=\"tg-031e\" width=\"89\"><\/td>\n<td class=\"tg-031e\" width=\"78\"><\/td>\n<\/tr>\n<tr>\n<td rowspan=\"4\" width=\"99\"><strong>Google.es<\/strong><\/td>\n<td class=\"tg-031e\" width=\"89\"><strong>NID<\/strong><\/td>\n<td rowspan=\"4\" width=\"187\">Estas cookies son utilizadas por Google para almacenar las preferencias del usuario y la informaci\u00f3n durante la visualizaci\u00f3n de las p\u00e1ginas con los mapas de Google.<\/td>\n<td class=\"tg-031e\" width=\"78\">6 meses<\/td>\n<td rowspan=\"4\" width=\"138\"><u><a href=\"http:\/\/www.google.es\/intl\/es\/policies\/technologies\/types\/\" data-saferedirecturl=\"https:\/\/www.google.com\/url?hl=es&amp;q=http:\/\/www.google.es\/intl\/es\/policies\/technologies\/types\/&amp;source=gmail&amp;ust=1496905768754000&amp;usg=AFQjCNH1fCZUOAJjPTdOzdD48hblgqp7_Q\">Cookies de Google<\/a><\/u><\/td>\n<\/tr>\n<tr>\n<td class=\"tg-031e\" width=\"89\"><strong>PREF<\/strong><\/td>\n<td class=\"tg-031e\" width=\"78\">2 a\u00f1os<\/td>\n<\/tr>\n<tr>\n<td class=\"tg-031e\" width=\"89\"><strong>OGPC<\/strong><\/td>\n<td class=\"tg-031e\" width=\"78\">1 mes<\/td>\n<\/tr>\n<tr>\n<td class=\"tg-031e\" width=\"89\"><strong>Khcookie<\/strong><\/td>\n<td class=\"tg-031e\" width=\"78\">Al finalizar la sesi\u00f3n<\/td>\n<\/tr>\n<\/tbody>\n<\/table>\n<\/div>\n<p>&nbsp;<\/p>\n<p>&nbsp;<\/p>\n<p><strong>Total cookies<\/strong><\/p>\n<p>&nbsp;<\/p>\n<div>thegem_page_options_last_route<\/div>\n<div>SS_deltaBuffer<\/div>\n<div>copiedShortcode<\/div>\n<div>wp-autosave-*<\/div>\n<div>wpEmojiSettingsSupports<\/div>\n<div>_ga<\/div>\n<div>_ga_*<\/div>\n<div>Google Fonts API<\/div>\n<div>rc::c<\/div>\n<div>rc::b<\/div>\n<div>rc::a<\/div>\n<div>Google Maps API<\/div>\n<div>GPS<\/div>\n<div>VISITOR_INFO1_LIVE<\/div>\n<div>YSC<\/div>\n<div>PREF<\/div>\n<div>sdsc<\/div>\n<div>lms_ads<\/div>\n<div>lms_analytics<\/div>\n<div>_guid<\/div>\n<div>li_alerts<\/div>\n<div>li_gc<\/div>\n<div>AnalyticsSyncHistory<\/div>\n<div>bcookie<\/div>\n<div>li-oatml<\/div>\n<div>BizographicsOptOut<\/div>\n<div>li_sugr<\/div>\n<div>UserMatchHistory<\/div>\n<div>linkedin_oauth_<\/div>\n<div>lidc<\/div>\n<div>bscookie<\/div>\n<div>X-LI-IDC<\/div>\n<div>cmplz_consenttype<\/div>\n<div><\/div>\n<div><\/div>\n<div>\n<p><b>Comunicaci\u00f3n de actividades de car\u00e1cter il\u00edcito e inadecuado<\/b><br \/>\nEn caso de que cualquier usuario del sitio web tuviera conocimiento sobre los links que remiten a p\u00e1ginas cuyos contenidos de las cuales o servicios son il\u00edcitos, nocivos, denigrantes, violentos o contrarios a la moral podr\u00e1 ponerse en contacto con TRANS. SABATER, S.A. indicando los siguientes datos: Datos personales del comunicante: nombre, direcci\u00f3n, n\u00famero de tel\u00e9fono y direcci\u00f3n electr\u00f3nica; Descripci\u00f3n de los hechos que revelan el car\u00e1cter il\u00edcito o inadecuado del hiperenlace; en el supuesto de violaci\u00f3n de derechos, tales como la propiedad intelectual e industrial, los datos personales del titular del derecho infringido, cuando sea persona distinta del comunicante. Asimismo, deber\u00e1 aportar el t\u00edtulo que acredite la legitimaci\u00f3n del titular de los derechos y, en su caso, el de representaci\u00f3n para actuar por cuenta del titular cuando sea persona distinta del comunicante; La recepci\u00f3n por parte de la comunicaci\u00f3n prevista en esta cl\u00e1usula no supondr\u00e1, seg\u00fan lo dispuesto en la Ley 34\/2002 de 11 de julio, de servicios de sociedad de la informaci\u00f3n y de comercio electr\u00f3nico, el conocimiento efectivo de las actividades y \/ o contenidos indicados por el comunicante.<\/p>\n<p><b>La normativa europea exige a los Sitios Web y medios que el usuario acepte o se oponga a recibir cookies.<\/b><\/p>\n<\/div>\n\r\n\t\t\t<\/div>\r\n\t\t\t<style>@media screen and (max-width: 1023px) {.thegem-vc-text.thegem-custom-69e14123946845095{display: block!important;}}@media screen and (max-width: 767px) {.thegem-vc-text.thegem-custom-69e14123946845095{display: block!important;}}@media screen and (max-width: 1023px) {.thegem-vc-text.thegem-custom-69e14123946845095{position: relative !important;}}@media screen and (max-width: 767px) {.thegem-vc-text.thegem-custom-69e14123946845095{position: relative !important;}}<\/style>\r\n\t\t<\/div>\r\n\t\r\n<\/div><\/div><\/div><div class=\"wpb_column vc_column_container vc_col-sm-2 thegem-custom-69e1412394ada3164\" ><div class=\"vc_column-inner thegem-custom-inner-69e1412394adb \"><div class=\"wpb_wrapper thegem-custom-69e1412394ada3164\"><\/div><\/div><\/div><\/div>\n<\/div>","protected":false},"excerpt":{"rendered":"","protected":false},"author":1,"featured_media":0,"parent":0,"menu_order":0,"comment_status":"closed","ping_status":"closed","template":"","meta":{"footnotes":""},"yoast_head":"<!-- This site is optimized with the Yoast SEO plugin v22.0 - https:\/\/yoast.com\/wordpress\/plugins\/seo\/ -->\n<title>Pol\u00edtica de cookies - Trans Sabater<\/title>\n<meta name=\"robots\" content=\"index, follow, max-snippet:-1, max-image-preview:large, max-video-preview:-1\" \/>\n<link rel=\"canonical\" href=\"https:\/\/trans-sabater.com\/es_es\/poitica-de-cookies\/\" \/>\n<meta property=\"og:locale\" content=\"es_ES\" \/>\n<meta property=\"og:type\" content=\"article\" \/>\n<meta property=\"og:title\" content=\"Pol\u00edtica de cookies - Trans Sabater\" \/>\n<meta property=\"og:url\" content=\"https:\/\/trans-sabater.com\/es_es\/poitica-de-cookies\/\" \/>\n<meta property=\"og:site_name\" content=\"Trans Sabater\" \/>\n<meta property=\"article:modified_time\" content=\"2024-03-27T14:50:29+00:00\" \/>\n<meta name=\"twitter:card\" content=\"summary_large_image\" \/>\n<meta name=\"twitter:label1\" content=\"Tiempo de lectura\" \/>\n\t<meta name=\"twitter:data1\" content=\"6 minutos\" \/>\n<script type=\"application\/ld+json\" class=\"yoast-schema-graph\">{\"@context\":\"https:\/\/schema.org\",\"@graph\":[{\"@type\":\"WebPage\",\"@id\":\"https:\/\/trans-sabater.com\/poitica-de-cookies\/\",\"url\":\"https:\/\/trans-sabater.com\/poitica-de-cookies\/\",\"name\":\"Pol\u00edtica de cookies - Trans Sabater\",\"isPartOf\":{\"@id\":\"https:\/\/trans-sabater.com\/#website\"},\"datePublished\":\"2024-01-12T11:43:45+00:00\",\"dateModified\":\"2024-03-27T14:50:29+00:00\",\"inLanguage\":\"es\",\"potentialAction\":[{\"@type\":\"ReadAction\",\"target\":[\"https:\/\/trans-sabater.com\/poitica-de-cookies\/\"]}]},{\"@type\":\"WebSite\",\"@id\":\"https:\/\/trans-sabater.com\/#website\",\"url\":\"https:\/\/trans-sabater.com\/\",\"name\":\"Trans Sabater\",\"description\":\"Trans Sabater\",\"publisher\":{\"@id\":\"https:\/\/trans-sabater.com\/#organization\"},\"potentialAction\":[{\"@type\":\"SearchAction\",\"target\":{\"@type\":\"EntryPoint\",\"urlTemplate\":\"https:\/\/trans-sabater.com\/?s={search_term_string}\"},\"query-input\":\"required name=search_term_string\"}],\"inLanguage\":\"es\"},{\"@type\":\"Organization\",\"@id\":\"https:\/\/trans-sabater.com\/#organization\",\"name\":\"Trans Sabater\",\"url\":\"https:\/\/trans-sabater.com\/\",\"logo\":{\"@type\":\"ImageObject\",\"inLanguage\":\"es\",\"@id\":\"https:\/\/trans-sabater.com\/#\/schema\/logo\/image\/\",\"url\":\"https:\/\/trans-sabater.com\/wp-content\/uploads\/2023\/10\/logo-1.jpg\",\"contentUrl\":\"https:\/\/trans-sabater.com\/wp-content\/uploads\/2023\/10\/logo-1.jpg\",\"width\":600,\"height\":343,\"caption\":\"Trans Sabater\"},\"image\":{\"@id\":\"https:\/\/trans-sabater.com\/#\/schema\/logo\/image\/\"}}]}<\/script>\n<!-- \/ Yoast SEO plugin. -->","yoast_head_json":{"title":"Pol\u00edtica de cookies - Trans Sabater","robots":{"index":"index","follow":"follow","max-snippet":"max-snippet:-1","max-image-preview":"max-image-preview:large","max-video-preview":"max-video-preview:-1"},"canonical":"https:\/\/trans-sabater.com\/es_es\/poitica-de-cookies\/","og_locale":"es_ES","og_type":"article","og_title":"Pol\u00edtica de cookies - Trans Sabater","og_url":"https:\/\/trans-sabater.com\/es_es\/poitica-de-cookies\/","og_site_name":"Trans Sabater","article_modified_time":"2024-03-27T14:50:29+00:00","twitter_card":"summary_large_image","twitter_misc":{"Tiempo de lectura":"6 minutos"},"schema":{"@context":"https:\/\/schema.org","@graph":[{"@type":"WebPage","@id":"https:\/\/trans-sabater.com\/poitica-de-cookies\/","url":"https:\/\/trans-sabater.com\/poitica-de-cookies\/","name":"Pol\u00edtica de cookies - Trans Sabater","isPartOf":{"@id":"https:\/\/trans-sabater.com\/#website"},"datePublished":"2024-01-12T11:43:45+00:00","dateModified":"2024-03-27T14:50:29+00:00","inLanguage":"es","potentialAction":[{"@type":"ReadAction","target":["https:\/\/trans-sabater.com\/poitica-de-cookies\/"]}]},{"@type":"WebSite","@id":"https:\/\/trans-sabater.com\/#website","url":"https:\/\/trans-sabater.com\/","name":"Trans Sabater","description":"Trans Sabater","publisher":{"@id":"https:\/\/trans-sabater.com\/#organization"},"potentialAction":[{"@type":"SearchAction","target":{"@type":"EntryPoint","urlTemplate":"https:\/\/trans-sabater.com\/?s={search_term_string}"},"query-input":"required name=search_term_string"}],"inLanguage":"es"},{"@type":"Organization","@id":"https:\/\/trans-sabater.com\/#organization","name":"Trans Sabater","url":"https:\/\/trans-sabater.com\/","logo":{"@type":"ImageObject","inLanguage":"es","@id":"https:\/\/trans-sabater.com\/#\/schema\/logo\/image\/","url":"https:\/\/trans-sabater.com\/wp-content\/uploads\/2023\/10\/logo-1.jpg","contentUrl":"https:\/\/trans-sabater.com\/wp-content\/uploads\/2023\/10\/logo-1.jpg","width":600,"height":343,"caption":"Trans Sabater"},"image":{"@id":"https:\/\/trans-sabater.com\/#\/schema\/logo\/image\/"}}]}},"_links":{"self":[{"href":"https:\/\/trans-sabater.com\/es_es\/wp-json\/wp\/v2\/pages\/26625"}],"collection":[{"href":"https:\/\/trans-sabater.com\/es_es\/wp-json\/wp\/v2\/pages"}],"about":[{"href":"https:\/\/trans-sabater.com\/es_es\/wp-json\/wp\/v2\/types\/page"}],"author":[{"embeddable":true,"href":"https:\/\/trans-sabater.com\/es_es\/wp-json\/wp\/v2\/users\/1"}],"replies":[{"embeddable":true,"href":"https:\/\/trans-sabater.com\/es_es\/wp-json\/wp\/v2\/comments?post=26625"}],"version-history":[{"count":6,"href":"https:\/\/trans-sabater.com\/es_es\/wp-json\/wp\/v2\/pages\/26625\/revisions"}],"predecessor-version":[{"id":26743,"href":"https:\/\/trans-sabater.com\/es_es\/wp-json\/wp\/v2\/pages\/26625\/revisions\/26743"}],"wp:attachment":[{"href":"https:\/\/trans-sabater.com\/es_es\/wp-json\/wp\/v2\/media?parent=26625"}],"curies":[{"name":"wp","href":"https:\/\/api.w.org\/{rel}","templated":true}]}}